{"id":15037,"date":"2025-10-27T11:12:10","date_gmt":"2025-10-27T11:12:10","guid":{"rendered":"https:\/\/enlineabarcelona.com\/producto\/byron\/"},"modified":"2025-10-27T15:42:46","modified_gmt":"2025-10-27T15:42:46","slug":"byron","status":"publish","type":"product","link":"https:\/\/enlineabarcelona.com\/ca\/producto\/byron\/","title":{"rendered":"BYRON"},"content":{"rendered":"<p>Butaca amb estructura de fusta massissa. De l\u00ednies rectes, \u00e9s la versi\u00f3 moderna de la cl\u00e0ssica butaca per a fumar. El seu seient amb cingles el\u00e0stiques i escuma d&#8217;alta densitat ofereix una gran comoditat.<\/p>\n","protected":false},"excerpt":{"rendered":"<p>Butaca amb estructura de fusta massissa. De l\u00ednies rectes, \u00e9s la versi\u00f3 moderna de la cl\u00e0ssica butaca per a fumar. El seu seient amb cingles el\u00e0stiques i escuma d&#8217;alta densitat ofereix una gran comoditat.<\/p>\n","protected":false},"featured_media":14357,"comment_status":"closed","ping_status":"open","template":"","meta":{"_acf_changed":false},"product_cat":[1290,1134],"product_tag":[],"disenadores":[1291],"marca":[],"class_list":{"0":"post-15037","1":"product","2":"type-product","3":"status-publish","4":"has-post-thumbnail","6":"product_cat-butaques","7":"product_cat-mobiliari","8":"disenadores-florian-asche-philipp-mainzerflorian-asche-philipp-mainzer","9":"sales-flash-overlay","10":"woocommerce-text-align-center","11":"woocommerce-image-align-center","12":"do-quantity-buttons","13":"wc-has-gallery","15":"first","16":"instock","17":"purchasable","18":"product-type-simple"},"acf":[],"_links":{"self":[{"href":"https:\/\/enlineabarcelona.com\/ca\/wp-json\/wp\/v2\/product\/15037","targetHints":{"allow":["GET"]}}],"collection":[{"href":"https:\/\/enlineabarcelona.com\/ca\/wp-json\/wp\/v2\/product"}],"about":[{"href":"https:\/\/enlineabarcelona.com\/ca\/wp-json\/wp\/v2\/types\/product"}],"replies":[{"embeddable":true,"href":"https:\/\/enlineabarcelona.com\/ca\/wp-json\/wp\/v2\/comments?post=15037"}],"wp:featuredmedia":[{"embeddable":true,"href":"https:\/\/enlineabarcelona.com\/ca\/wp-json\/wp\/v2\/media\/14357"}],"wp:attachment":[{"href":"https:\/\/enlineabarcelona.com\/ca\/wp-json\/wp\/v2\/media?parent=15037"}],"wp:term":[{"taxonomy":"product_cat","embeddable":true,"href":"https:\/\/enlineabarcelona.com\/ca\/wp-json\/wp\/v2\/product_cat?post=15037"},{"taxonomy":"product_tag","embeddable":true,"href":"https:\/\/enlineabarcelona.com\/ca\/wp-json\/wp\/v2\/product_tag?post=15037"},{"taxonomy":"disenadores","embeddable":true,"href":"https:\/\/enlineabarcelona.com\/ca\/wp-json\/wp\/v2\/disenadores?post=15037"},{"taxonomy":"marca","embeddable":true,"href":"https:\/\/enlineabarcelona.com\/ca\/wp-json\/wp\/v2\/marca?post=15037"}],"curies":[{"name":"wp","href":"https:\/\/api.w.org\/{rel}","templated":true}]}}