{"id":15039,"date":"2025-10-27T11:12:10","date_gmt":"2025-10-27T11:12:10","guid":{"rendered":"https:\/\/enlineabarcelona.com\/producto\/pelican-chair\/"},"modified":"2025-10-27T15:42:49","modified_gmt":"2025-10-27T15:42:49","slug":"pelican-chair","status":"publish","type":"product","link":"https:\/\/enlineabarcelona.com\/ca\/producto\/pelican-chair\/","title":{"rendered":"PELICAN CHAIR"},"content":{"rendered":"<p>Butaca inspirada en el surrealisme que tant fascinava al seu dissenyador. De manera inusual, suau, org\u00e0nica i de robustes potes. La cadira ofereix diverses maneres d&#8217;asseure&#8217;s amb una sensaci\u00f3 en com\u00fa d&#8217;abra\u00e7ada en fer-ho.<\/p>\n","protected":false},"excerpt":{"rendered":"<p>Butaca inspirada en el surrealisme que tant fascinava al seu dissenyador. De manera inusual, suau, org\u00e0nica i de robustes potes. La cadira ofereix diverses maneres d&#8217;asseure&#8217;s amb una sensaci\u00f3 en com\u00fa d&#8217;abra\u00e7ada en fer-ho.<\/p>\n","protected":false},"featured_media":4356,"comment_status":"closed","ping_status":"open","template":"","meta":{"_acf_changed":false},"product_cat":[1290,1134],"product_tag":[],"disenadores":[],"marca":[1277],"class_list":{"0":"post-15039","1":"product","2":"type-product","3":"status-publish","4":"has-post-thumbnail","6":"product_cat-butaques","7":"product_cat-mobiliari","8":"marca-house-of-finn-juhl","9":"sales-flash-overlay","10":"woocommerce-text-align-center","11":"woocommerce-image-align-center","12":"do-quantity-buttons","13":"wc-has-gallery","15":"first","16":"instock","17":"purchasable","18":"product-type-simple"},"acf":[],"_links":{"self":[{"href":"https:\/\/enlineabarcelona.com\/ca\/wp-json\/wp\/v2\/product\/15039","targetHints":{"allow":["GET"]}}],"collection":[{"href":"https:\/\/enlineabarcelona.com\/ca\/wp-json\/wp\/v2\/product"}],"about":[{"href":"https:\/\/enlineabarcelona.com\/ca\/wp-json\/wp\/v2\/types\/product"}],"replies":[{"embeddable":true,"href":"https:\/\/enlineabarcelona.com\/ca\/wp-json\/wp\/v2\/comments?post=15039"}],"wp:featuredmedia":[{"embeddable":true,"href":"https:\/\/enlineabarcelona.com\/ca\/wp-json\/wp\/v2\/media\/4356"}],"wp:attachment":[{"href":"https:\/\/enlineabarcelona.com\/ca\/wp-json\/wp\/v2\/media?parent=15039"}],"wp:term":[{"taxonomy":"product_cat","embeddable":true,"href":"https:\/\/enlineabarcelona.com\/ca\/wp-json\/wp\/v2\/product_cat?post=15039"},{"taxonomy":"product_tag","embeddable":true,"href":"https:\/\/enlineabarcelona.com\/ca\/wp-json\/wp\/v2\/product_tag?post=15039"},{"taxonomy":"disenadores","embeddable":true,"href":"https:\/\/enlineabarcelona.com\/ca\/wp-json\/wp\/v2\/disenadores?post=15039"},{"taxonomy":"marca","embeddable":true,"href":"https:\/\/enlineabarcelona.com\/ca\/wp-json\/wp\/v2\/marca?post=15039"}],"curies":[{"name":"wp","href":"https:\/\/api.w.org\/{rel}","templated":true}]}}