{"id":15041,"date":"2025-10-27T11:12:10","date_gmt":"2025-10-27T11:12:10","guid":{"rendered":"https:\/\/enlineabarcelona.com\/producto\/swan\/"},"modified":"2026-01-12T13:03:21","modified_gmt":"2026-01-12T13:03:21","slug":"swan","status":"publish","type":"product","link":"https:\/\/enlineabarcelona.com\/ca\/producto\/swan\/","title":{"rendered":"SWAN"},"content":{"rendered":"<p>La butaca Swan, \u00e9s una de les butaques m\u00e9s boniques dissenyades per Arne Jacobsen. Butaca de l\u00ednies corbes i formes org\u00e0niques i suaus.<\/p>\n","protected":false},"excerpt":{"rendered":"<p>La butaca Swan, \u00e9s una de les butaques m\u00e9s boniques dissenyades per Arne Jacobsen. Butaca de l\u00ednies corbes i formes org\u00e0niques i suaus.<\/p>\n","protected":false},"featured_media":4391,"comment_status":"closed","ping_status":"open","template":"","meta":{"_acf_changed":false},"product_cat":[1290,1134],"product_tag":[],"disenadores":[1936],"marca":[],"class_list":{"0":"post-15041","1":"product","2":"type-product","3":"status-publish","4":"has-post-thumbnail","6":"product_cat-butaques","7":"product_cat-mobiliari","8":"disenadores-arne-jacobsen","9":"sales-flash-overlay","10":"woocommerce-text-align-center","11":"woocommerce-image-align-center","12":"do-quantity-buttons","14":"first","15":"instock","16":"purchasable","17":"product-type-simple"},"acf":[],"_links":{"self":[{"href":"https:\/\/enlineabarcelona.com\/ca\/wp-json\/wp\/v2\/product\/15041","targetHints":{"allow":["GET"]}}],"collection":[{"href":"https:\/\/enlineabarcelona.com\/ca\/wp-json\/wp\/v2\/product"}],"about":[{"href":"https:\/\/enlineabarcelona.com\/ca\/wp-json\/wp\/v2\/types\/product"}],"replies":[{"embeddable":true,"href":"https:\/\/enlineabarcelona.com\/ca\/wp-json\/wp\/v2\/comments?post=15041"}],"wp:featuredmedia":[{"embeddable":true,"href":"https:\/\/enlineabarcelona.com\/ca\/wp-json\/wp\/v2\/media\/4391"}],"wp:attachment":[{"href":"https:\/\/enlineabarcelona.com\/ca\/wp-json\/wp\/v2\/media?parent=15041"}],"wp:term":[{"taxonomy":"product_cat","embeddable":true,"href":"https:\/\/enlineabarcelona.com\/ca\/wp-json\/wp\/v2\/product_cat?post=15041"},{"taxonomy":"product_tag","embeddable":true,"href":"https:\/\/enlineabarcelona.com\/ca\/wp-json\/wp\/v2\/product_tag?post=15041"},{"taxonomy":"disenadores","embeddable":true,"href":"https:\/\/enlineabarcelona.com\/ca\/wp-json\/wp\/v2\/disenadores?post=15041"},{"taxonomy":"marca","embeddable":true,"href":"https:\/\/enlineabarcelona.com\/ca\/wp-json\/wp\/v2\/marca?post=15041"}],"curies":[{"name":"wp","href":"https:\/\/api.w.org\/{rel}","templated":true}]}}