{"id":15043,"date":"2025-10-27T11:12:10","date_gmt":"2025-10-27T11:12:10","guid":{"rendered":"https:\/\/enlineabarcelona.com\/producto\/bertoia-diamond\/"},"modified":"2026-01-26T16:04:12","modified_gmt":"2026-01-26T16:04:12","slug":"bertoia-diamond","status":"publish","type":"product","link":"https:\/\/enlineabarcelona.com\/ca\/producto\/bertoia-diamond\/","title":{"rendered":"BERTOIA DIAMOND"},"content":{"rendered":"\n<p>La Silla Diamond es un asombroso estudio del espacio, la forma y la funci\u00f3n realizado por uno de los maestros escultores del siglo pasado. Al igual que Saarinen y Mies, Bertoia encontr\u00f3 la gracia sublime en un material industrial, elev\u00e1ndolo m\u00e1s all\u00e1 de su utilidad normal para convertirlo en una obra de arte. Las sillas de alambre de Harry Bertoia se encuentran entre los logros m\u00e1s reconocidos del dise\u00f1o moderno de mediados de siglo y forman parte del orgulloso legado de Knoll.<\/p>\n","protected":false},"excerpt":{"rendered":"<p>La Silla Diamond es un asombroso estudio del espacio, la forma y la funci\u00f3n realizado por uno de los maestros escultores del siglo pasado. Al igual que Saarinen y Mies, Bertoia encontr\u00f3 la gracia sublime en un material industrial, elev\u00e1ndolo m\u00e1s all\u00e1 de su utilidad normal para convertirlo en una obra de arte. Las sillas &#8230; <a title=\"BERTOIA DIAMOND\" class=\"read-more\" href=\"https:\/\/enlineabarcelona.com\/ca\/producto\/bertoia-diamond\/\" aria-label=\"M\u00e9s informaci\u00f3 sobre BERTOIA DIAMOND\">Llegiu m\u00e9s<\/a><\/p>\n","protected":false},"featured_media":4411,"comment_status":"closed","ping_status":"open","template":"","meta":{"_acf_changed":false},"product_cat":[1290,1134],"product_tag":[],"disenadores":[1955],"marca":[],"class_list":{"0":"post-15043","1":"product","2":"type-product","3":"status-publish","4":"has-post-thumbnail","6":"product_cat-butaques","7":"product_cat-mobiliari","8":"disenadores-harry-bertoia","9":"sales-flash-overlay","10":"woocommerce-text-align-center","11":"woocommerce-image-align-center","12":"do-quantity-buttons","13":"wc-has-gallery","15":"first","16":"instock","17":"purchasable","18":"product-type-simple"},"acf":[],"_links":{"self":[{"href":"https:\/\/enlineabarcelona.com\/ca\/wp-json\/wp\/v2\/product\/15043","targetHints":{"allow":["GET"]}}],"collection":[{"href":"https:\/\/enlineabarcelona.com\/ca\/wp-json\/wp\/v2\/product"}],"about":[{"href":"https:\/\/enlineabarcelona.com\/ca\/wp-json\/wp\/v2\/types\/product"}],"replies":[{"embeddable":true,"href":"https:\/\/enlineabarcelona.com\/ca\/wp-json\/wp\/v2\/comments?post=15043"}],"wp:featuredmedia":[{"embeddable":true,"href":"https:\/\/enlineabarcelona.com\/ca\/wp-json\/wp\/v2\/media\/4411"}],"wp:attachment":[{"href":"https:\/\/enlineabarcelona.com\/ca\/wp-json\/wp\/v2\/media?parent=15043"}],"wp:term":[{"taxonomy":"product_cat","embeddable":true,"href":"https:\/\/enlineabarcelona.com\/ca\/wp-json\/wp\/v2\/product_cat?post=15043"},{"taxonomy":"product_tag","embeddable":true,"href":"https:\/\/enlineabarcelona.com\/ca\/wp-json\/wp\/v2\/product_tag?post=15043"},{"taxonomy":"disenadores","embeddable":true,"href":"https:\/\/enlineabarcelona.com\/ca\/wp-json\/wp\/v2\/disenadores?post=15043"},{"taxonomy":"marca","embeddable":true,"href":"https:\/\/enlineabarcelona.com\/ca\/wp-json\/wp\/v2\/marca?post=15043"}],"curies":[{"name":"wp","href":"https:\/\/api.w.org\/{rel}","templated":true}]}}