{"id":15045,"date":"2025-10-27T11:12:28","date_gmt":"2025-10-27T11:12:28","guid":{"rendered":"https:\/\/enlineabarcelona.com\/producto\/groundpiece\/"},"modified":"2026-01-12T12:57:41","modified_gmt":"2026-01-12T12:57:41","slug":"groundpiece","status":"publish","type":"product","link":"https:\/\/enlineabarcelona.com\/ca\/producto\/groundpiece\/","title":{"rendered":"GROUNDPIECE"},"content":{"rendered":"<p>Sof\u00e0 icona de la signatura Flexform. Sof\u00e0 dissenyat per a afavorir la postura informal i relaxada. T\u00e9 diverses opcions de farciment de seient, ploma, premium i dacron, a m\u00e9s de poder triar entre les seves dues profunditats.<\/p>\n","protected":false},"excerpt":{"rendered":"<p>Sof\u00e0 icona de la signatura Flexform. Sof\u00e0 dissenyat per a afavorir la postura informal i relaxada. T\u00e9 diverses opcions de farciment de seient, ploma, premium i dacron, a m\u00e9s de poder triar entre les seves dues profunditats.<\/p>\n","protected":false},"featured_media":4446,"comment_status":"closed","ping_status":"open","template":"","meta":{"_acf_changed":false},"product_cat":[1135,1134],"product_tag":[],"disenadores":[1933],"marca":[],"class_list":{"0":"post-15045","1":"product","2":"type-product","3":"status-publish","4":"has-post-thumbnail","6":"product_cat-llits","7":"product_cat-mobiliari","8":"disenadores-antonio-citterio","9":"sales-flash-overlay","10":"woocommerce-text-align-center","11":"woocommerce-image-align-center","12":"do-quantity-buttons","13":"wc-has-gallery","15":"first","16":"instock","17":"purchasable","18":"product-type-simple"},"acf":[],"_links":{"self":[{"href":"https:\/\/enlineabarcelona.com\/ca\/wp-json\/wp\/v2\/product\/15045","targetHints":{"allow":["GET"]}}],"collection":[{"href":"https:\/\/enlineabarcelona.com\/ca\/wp-json\/wp\/v2\/product"}],"about":[{"href":"https:\/\/enlineabarcelona.com\/ca\/wp-json\/wp\/v2\/types\/product"}],"replies":[{"embeddable":true,"href":"https:\/\/enlineabarcelona.com\/ca\/wp-json\/wp\/v2\/comments?post=15045"}],"wp:featuredmedia":[{"embeddable":true,"href":"https:\/\/enlineabarcelona.com\/ca\/wp-json\/wp\/v2\/media\/4446"}],"wp:attachment":[{"href":"https:\/\/enlineabarcelona.com\/ca\/wp-json\/wp\/v2\/media?parent=15045"}],"wp:term":[{"taxonomy":"product_cat","embeddable":true,"href":"https:\/\/enlineabarcelona.com\/ca\/wp-json\/wp\/v2\/product_cat?post=15045"},{"taxonomy":"product_tag","embeddable":true,"href":"https:\/\/enlineabarcelona.com\/ca\/wp-json\/wp\/v2\/product_tag?post=15045"},{"taxonomy":"disenadores","embeddable":true,"href":"https:\/\/enlineabarcelona.com\/ca\/wp-json\/wp\/v2\/disenadores?post=15045"},{"taxonomy":"marca","embeddable":true,"href":"https:\/\/enlineabarcelona.com\/ca\/wp-json\/wp\/v2\/marca?post=15045"}],"curies":[{"name":"wp","href":"https:\/\/api.w.org\/{rel}","templated":true}]}}