{"id":15046,"date":"2025-10-27T11:12:28","date_gmt":"2025-10-27T11:12:28","guid":{"rendered":"https:\/\/enlineabarcelona.com\/producto\/kilt\/"},"modified":"2026-01-19T12:40:44","modified_gmt":"2026-01-19T12:40:44","slug":"kilt","status":"publish","type":"product","link":"https:\/\/enlineabarcelona.com\/ca\/producto\/kilt\/","title":{"rendered":"KILT"},"content":{"rendered":"<p>Sof\u00e1 de formas rectas, monobloque. Ofrece una sentada firme pero a la vez muy c\u00f3moda gracias al acolchado de poliuretano y la fibra de poli\u00e9ster termounida del asiento. Totalmente desenfundable, es posible tapizarlo en cualquiera de las telas quen nos ofrece el fabricante.<\/p>\n\n<p><\/p>\n","protected":false},"excerpt":{"rendered":"<p>Sof\u00e1 de formas rectas, monobloque. Ofrece una sentada firme pero a la vez muy c\u00f3moda gracias al acolchado de poliuretano y la fibra de poli\u00e9ster termounida del asiento. Totalmente desenfundable, es posible tapizarlo en cualquiera de las telas quen nos ofrece el fabricante.<\/p>\n","protected":false},"featured_media":4459,"comment_status":"closed","ping_status":"open","template":"","meta":{"_acf_changed":false},"product_cat":[1295,1296],"product_tag":[],"disenadores":[1945],"marca":[],"class_list":{"0":"post-15046","1":"product","2":"type-product","3":"status-publish","4":"has-post-thumbnail","6":"product_cat-outletmobiliari","7":"product_cat-sofas","8":"disenadores-emaf-progetti","9":"sales-flash-overlay","10":"woocommerce-text-align-center","11":"woocommerce-image-align-center","12":"do-quantity-buttons","13":"wc-has-gallery","15":"first","16":"instock","17":"purchasable","18":"product-type-simple"},"acf":[],"_links":{"self":[{"href":"https:\/\/enlineabarcelona.com\/ca\/wp-json\/wp\/v2\/product\/15046","targetHints":{"allow":["GET"]}}],"collection":[{"href":"https:\/\/enlineabarcelona.com\/ca\/wp-json\/wp\/v2\/product"}],"about":[{"href":"https:\/\/enlineabarcelona.com\/ca\/wp-json\/wp\/v2\/types\/product"}],"replies":[{"embeddable":true,"href":"https:\/\/enlineabarcelona.com\/ca\/wp-json\/wp\/v2\/comments?post=15046"}],"wp:featuredmedia":[{"embeddable":true,"href":"https:\/\/enlineabarcelona.com\/ca\/wp-json\/wp\/v2\/media\/4459"}],"wp:attachment":[{"href":"https:\/\/enlineabarcelona.com\/ca\/wp-json\/wp\/v2\/media?parent=15046"}],"wp:term":[{"taxonomy":"product_cat","embeddable":true,"href":"https:\/\/enlineabarcelona.com\/ca\/wp-json\/wp\/v2\/product_cat?post=15046"},{"taxonomy":"product_tag","embeddable":true,"href":"https:\/\/enlineabarcelona.com\/ca\/wp-json\/wp\/v2\/product_tag?post=15046"},{"taxonomy":"disenadores","embeddable":true,"href":"https:\/\/enlineabarcelona.com\/ca\/wp-json\/wp\/v2\/disenadores?post=15046"},{"taxonomy":"marca","embeddable":true,"href":"https:\/\/enlineabarcelona.com\/ca\/wp-json\/wp\/v2\/marca?post=15046"}],"curies":[{"name":"wp","href":"https:\/\/api.w.org\/{rel}","templated":true}]}}