{"id":15047,"date":"2025-10-27T11:12:28","date_gmt":"2025-10-27T11:12:28","guid":{"rendered":"https:\/\/enlineabarcelona.com\/producto\/ray\/"},"modified":"2026-02-16T12:24:01","modified_gmt":"2026-02-16T12:24:01","slug":"ray","status":"publish","type":"product","link":"https:\/\/enlineabarcelona.com\/ca\/producto\/ray\/","title":{"rendered":"RAY"},"content":{"rendered":"<p>Sof\u00e0 elegant de formes equilibrades. Senzill, per\u00f2 amb detalls com el punt fist\u00f3 en les seves costures que real\u00e7a les seves l\u00ednies. Sof\u00e0 modular, els m\u00f2duls del qual poden utilitzar-se per a crear una composici\u00f3 o es poden utilitzar de manera independent. La seva base en forma d&#8217;O recal\u00e7a la seva eleg\u00e0ncia. Completament desenfundable. Entapissat disponible en tota la col\u00b7lecci\u00f3 de teles i pells de B&amp;B It\u00e0lia.<\/p>\n","protected":false},"excerpt":{"rendered":"<p>Sof\u00e0 elegant de formes equilibrades. Senzill, per\u00f2 amb detalls com el punt fist\u00f3 en les seves costures que real\u00e7a les seves l\u00ednies. Sof\u00e0 modular, els m\u00f2duls del qual poden utilitzar-se per a crear una composici\u00f3 o es poden utilitzar de manera independent. La seva base en forma d&#8217;O recal\u00e7a la seva eleg\u00e0ncia. Completament desenfundable. Entapissat &#8230; <a title=\"RAY\" class=\"read-more\" href=\"https:\/\/enlineabarcelona.com\/ca\/producto\/ray\/\" aria-label=\"M\u00e9s informaci\u00f3 sobre RAY\">Llegiu m\u00e9s<\/a><\/p>\n","protected":false},"featured_media":4517,"comment_status":"closed","ping_status":"open","template":"","meta":{"_acf_changed":false},"product_cat":[1295,1296],"product_tag":[],"disenadores":[1933],"marca":[1422],"class_list":{"0":"post-15047","1":"product","2":"type-product","3":"status-publish","4":"has-post-thumbnail","6":"product_cat-outletmobiliari","7":"product_cat-sofas","8":"disenadores-antonio-citterio","9":"marca-bb-italia","10":"sales-flash-overlay","11":"woocommerce-text-align-center","12":"woocommerce-image-align-center","13":"do-quantity-buttons","14":"wc-has-gallery","16":"first","17":"instock","18":"purchasable","19":"product-type-simple"},"acf":[],"_links":{"self":[{"href":"https:\/\/enlineabarcelona.com\/ca\/wp-json\/wp\/v2\/product\/15047","targetHints":{"allow":["GET"]}}],"collection":[{"href":"https:\/\/enlineabarcelona.com\/ca\/wp-json\/wp\/v2\/product"}],"about":[{"href":"https:\/\/enlineabarcelona.com\/ca\/wp-json\/wp\/v2\/types\/product"}],"replies":[{"embeddable":true,"href":"https:\/\/enlineabarcelona.com\/ca\/wp-json\/wp\/v2\/comments?post=15047"}],"wp:featuredmedia":[{"embeddable":true,"href":"https:\/\/enlineabarcelona.com\/ca\/wp-json\/wp\/v2\/media\/4517"}],"wp:attachment":[{"href":"https:\/\/enlineabarcelona.com\/ca\/wp-json\/wp\/v2\/media?parent=15047"}],"wp:term":[{"taxonomy":"product_cat","embeddable":true,"href":"https:\/\/enlineabarcelona.com\/ca\/wp-json\/wp\/v2\/product_cat?post=15047"},{"taxonomy":"product_tag","embeddable":true,"href":"https:\/\/enlineabarcelona.com\/ca\/wp-json\/wp\/v2\/product_tag?post=15047"},{"taxonomy":"disenadores","embeddable":true,"href":"https:\/\/enlineabarcelona.com\/ca\/wp-json\/wp\/v2\/disenadores?post=15047"},{"taxonomy":"marca","embeddable":true,"href":"https:\/\/enlineabarcelona.com\/ca\/wp-json\/wp\/v2\/marca?post=15047"}],"curies":[{"name":"wp","href":"https:\/\/api.w.org\/{rel}","templated":true}]}}