{"id":15048,"date":"2025-10-27T11:12:28","date_gmt":"2025-10-27T11:12:28","guid":{"rendered":"https:\/\/enlineabarcelona.com\/producto\/raffles\/"},"modified":"2025-10-27T15:42:59","modified_gmt":"2025-10-27T15:42:59","slug":"raffles","status":"publish","type":"product","link":"https:\/\/enlineabarcelona.com\/ca\/producto\/raffles\/","title":{"rendered":"RAFFLES"},"content":{"rendered":"<p>Sof\u00e0 inspirat en els cl\u00e0ssics anglesos. De seient profund i c\u00f2mode, amb una est\u00e8tica de l\u00ednies relaxades i petits detalls com els peus de fusta. Completament desenfundable en qualsevol de les seves versions, sof\u00e0s de diverses mesures i butaca.<\/p>\n","protected":false},"excerpt":{"rendered":"<p>Sof\u00e0 inspirat en els cl\u00e0ssics anglesos. De seient profund i c\u00f2mode, amb una est\u00e8tica de l\u00ednies relaxades i petits detalls com els peus de fusta. Completament desenfundable en qualsevol de les seves versions, sof\u00e0s de diverses mesures i butaca.<\/p>\n","protected":false},"featured_media":14376,"comment_status":"closed","ping_status":"open","template":"","meta":{"_acf_changed":false},"product_cat":[1134,1298],"product_tag":[],"disenadores":[1280],"marca":[],"class_list":{"0":"post-15048","1":"product","2":"type-product","3":"status-publish","4":"has-post-thumbnail","6":"product_cat-mobiliari","7":"product_cat-sofas","8":"disenadores-vico-magistrettivico-magistretti","9":"sales-flash-overlay","10":"woocommerce-text-align-center","11":"woocommerce-image-align-center","12":"do-quantity-buttons","13":"wc-has-gallery","15":"first","16":"instock","17":"purchasable","18":"product-type-simple"},"acf":[],"_links":{"self":[{"href":"https:\/\/enlineabarcelona.com\/ca\/wp-json\/wp\/v2\/product\/15048","targetHints":{"allow":["GET"]}}],"collection":[{"href":"https:\/\/enlineabarcelona.com\/ca\/wp-json\/wp\/v2\/product"}],"about":[{"href":"https:\/\/enlineabarcelona.com\/ca\/wp-json\/wp\/v2\/types\/product"}],"replies":[{"embeddable":true,"href":"https:\/\/enlineabarcelona.com\/ca\/wp-json\/wp\/v2\/comments?post=15048"}],"wp:featuredmedia":[{"embeddable":true,"href":"https:\/\/enlineabarcelona.com\/ca\/wp-json\/wp\/v2\/media\/14376"}],"wp:attachment":[{"href":"https:\/\/enlineabarcelona.com\/ca\/wp-json\/wp\/v2\/media?parent=15048"}],"wp:term":[{"taxonomy":"product_cat","embeddable":true,"href":"https:\/\/enlineabarcelona.com\/ca\/wp-json\/wp\/v2\/product_cat?post=15048"},{"taxonomy":"product_tag","embeddable":true,"href":"https:\/\/enlineabarcelona.com\/ca\/wp-json\/wp\/v2\/product_tag?post=15048"},{"taxonomy":"disenadores","embeddable":true,"href":"https:\/\/enlineabarcelona.com\/ca\/wp-json\/wp\/v2\/disenadores?post=15048"},{"taxonomy":"marca","embeddable":true,"href":"https:\/\/enlineabarcelona.com\/ca\/wp-json\/wp\/v2\/marca?post=15048"}],"curies":[{"name":"wp","href":"https:\/\/api.w.org\/{rel}","templated":true}]}}