{"id":15052,"date":"2025-10-27T11:12:28","date_gmt":"2025-10-27T11:12:28","guid":{"rendered":"https:\/\/enlineabarcelona.com\/producto\/grand-sofa\/"},"modified":"2026-01-12T12:57:41","modified_gmt":"2026-01-12T12:57:41","slug":"grand-sofa","status":"publish","type":"product","link":"https:\/\/enlineabarcelona.com\/ca\/producto\/grand-sofa\/","title":{"rendered":"GRAND SOF\u00c0"},"content":{"rendered":"<p>El Grand Sof\u00e0 representa perfectament l&#8217;eleg\u00e0ncia i lleugeresa que el seu dissenyador va voler plasmar. Unit a la qualitat i la versatilitat del fabricant Vitra, fan d&#8217;ell un sof\u00e0 c\u00f2mode i de disseny contemporani.<\/p>\n","protected":false},"excerpt":{"rendered":"<p>El Grand Sof\u00e0 representa perfectament l&#8217;eleg\u00e0ncia i lleugeresa que el seu dissenyador va voler plasmar. Unit a la qualitat i la versatilitat del fabricant Vitra, fan d&#8217;ell un sof\u00e0 c\u00f2mode i de disseny contemporani.<\/p>\n","protected":false},"featured_media":4579,"comment_status":"closed","ping_status":"open","template":"","meta":{"_acf_changed":false},"product_cat":[1134,1298],"product_tag":[],"disenadores":[1933],"marca":[1311],"class_list":{"0":"post-15052","1":"product","2":"type-product","3":"status-publish","4":"has-post-thumbnail","6":"product_cat-mobiliari","7":"product_cat-sofas","8":"disenadores-antonio-citterio","9":"marca-vitra","10":"sales-flash-overlay","11":"woocommerce-text-align-center","12":"woocommerce-image-align-center","13":"do-quantity-buttons","14":"wc-has-gallery","16":"first","17":"instock","18":"purchasable","19":"product-type-simple"},"acf":[],"_links":{"self":[{"href":"https:\/\/enlineabarcelona.com\/ca\/wp-json\/wp\/v2\/product\/15052","targetHints":{"allow":["GET"]}}],"collection":[{"href":"https:\/\/enlineabarcelona.com\/ca\/wp-json\/wp\/v2\/product"}],"about":[{"href":"https:\/\/enlineabarcelona.com\/ca\/wp-json\/wp\/v2\/types\/product"}],"replies":[{"embeddable":true,"href":"https:\/\/enlineabarcelona.com\/ca\/wp-json\/wp\/v2\/comments?post=15052"}],"wp:featuredmedia":[{"embeddable":true,"href":"https:\/\/enlineabarcelona.com\/ca\/wp-json\/wp\/v2\/media\/4579"}],"wp:attachment":[{"href":"https:\/\/enlineabarcelona.com\/ca\/wp-json\/wp\/v2\/media?parent=15052"}],"wp:term":[{"taxonomy":"product_cat","embeddable":true,"href":"https:\/\/enlineabarcelona.com\/ca\/wp-json\/wp\/v2\/product_cat?post=15052"},{"taxonomy":"product_tag","embeddable":true,"href":"https:\/\/enlineabarcelona.com\/ca\/wp-json\/wp\/v2\/product_tag?post=15052"},{"taxonomy":"disenadores","embeddable":true,"href":"https:\/\/enlineabarcelona.com\/ca\/wp-json\/wp\/v2\/disenadores?post=15052"},{"taxonomy":"marca","embeddable":true,"href":"https:\/\/enlineabarcelona.com\/ca\/wp-json\/wp\/v2\/marca?post=15052"}],"curies":[{"name":"wp","href":"https:\/\/api.w.org\/{rel}","templated":true}]}}