{"id":15056,"date":"2025-10-27T11:12:28","date_gmt":"2025-10-27T11:12:28","guid":{"rendered":"https:\/\/enlineabarcelona.com\/producto\/biss\/"},"modified":"2025-10-27T17:18:48","modified_gmt":"2025-10-27T17:18:48","slug":"biss","status":"publish","type":"product","link":"https:\/\/enlineabarcelona.com\/ca\/producto\/biss\/","title":{"rendered":"BISS"},"content":{"rendered":"<p>Sof\u00e1 cama nido. Dise\u00f1ada para ofrecer la m\u00e1xima flexibilidad y ofrecer soluciones a los problemas de espacio. Puede albergar una segunda cama debajo de la base, o bien utilizar ese espacio como contenedor. La segunda cama puede subir a misma altura que la primera gracias a su mecanismo de piston.<\/p>\n\n<p><\/p>\n","protected":false},"excerpt":{"rendered":"<p>Sof\u00e1 cama nido. Dise\u00f1ada para ofrecer la m\u00e1xima flexibilidad y ofrecer soluciones a los problemas de espacio. Puede albergar una segunda cama debajo de la base, o bien utilizar ese espacio como contenedor. La segunda cama puede subir a misma altura que la primera gracias a su mecanismo de piston.<\/p>\n","protected":false},"featured_media":4655,"comment_status":"closed","ping_status":"open","template":"","meta":{"_acf_changed":false},"product_cat":[1134,1298],"product_tag":[],"disenadores":[],"marca":[],"class_list":{"0":"post-15056","1":"product","2":"type-product","3":"status-publish","4":"has-post-thumbnail","6":"product_cat-mobiliari","7":"product_cat-sofas","8":"sales-flash-overlay","9":"woocommerce-text-align-center","10":"woocommerce-image-align-center","11":"do-quantity-buttons","12":"wc-has-gallery","14":"first","15":"instock","16":"purchasable","17":"product-type-simple"},"acf":[],"_links":{"self":[{"href":"https:\/\/enlineabarcelona.com\/ca\/wp-json\/wp\/v2\/product\/15056","targetHints":{"allow":["GET"]}}],"collection":[{"href":"https:\/\/enlineabarcelona.com\/ca\/wp-json\/wp\/v2\/product"}],"about":[{"href":"https:\/\/enlineabarcelona.com\/ca\/wp-json\/wp\/v2\/types\/product"}],"replies":[{"embeddable":true,"href":"https:\/\/enlineabarcelona.com\/ca\/wp-json\/wp\/v2\/comments?post=15056"}],"wp:featuredmedia":[{"embeddable":true,"href":"https:\/\/enlineabarcelona.com\/ca\/wp-json\/wp\/v2\/media\/4655"}],"wp:attachment":[{"href":"https:\/\/enlineabarcelona.com\/ca\/wp-json\/wp\/v2\/media?parent=15056"}],"wp:term":[{"taxonomy":"product_cat","embeddable":true,"href":"https:\/\/enlineabarcelona.com\/ca\/wp-json\/wp\/v2\/product_cat?post=15056"},{"taxonomy":"product_tag","embeddable":true,"href":"https:\/\/enlineabarcelona.com\/ca\/wp-json\/wp\/v2\/product_tag?post=15056"},{"taxonomy":"disenadores","embeddable":true,"href":"https:\/\/enlineabarcelona.com\/ca\/wp-json\/wp\/v2\/disenadores?post=15056"},{"taxonomy":"marca","embeddable":true,"href":"https:\/\/enlineabarcelona.com\/ca\/wp-json\/wp\/v2\/marca?post=15056"}],"curies":[{"name":"wp","href":"https:\/\/api.w.org\/{rel}","templated":true}]}}