{"id":15058,"date":"2025-10-27T11:12:28","date_gmt":"2025-10-27T11:12:28","guid":{"rendered":"https:\/\/enlineabarcelona.com\/producto\/grand-relax-ottoman\/"},"modified":"2026-01-12T12:57:40","modified_gmt":"2026-01-12T12:57:40","slug":"grand-relax-ottoman","status":"publish","type":"product","link":"https:\/\/enlineabarcelona.com\/ca\/producto\/grand-relax-ottoman\/","title":{"rendered":"GRAND RELAX &#038; OTTOMAN"},"content":{"rendered":"<p>La butaca Gran relax t\u00e9 una est\u00e8tica molt cuidada, discreta i cl\u00e0ssica. Inclinable, el suport pot bloquejar-se en qualsevol posici\u00f3. Els seus coixins amb c\u00e0mera d&#8217;aire i farciment d&#8217;escuma de poliuret\u00e0 i plomes d&#8217;oca, fa que tingui una sensaci\u00f3 de comfort en asseure&#8217;s.<\/p>\n","protected":false},"excerpt":{"rendered":"<p>La butaca Gran relax t\u00e9 una est\u00e8tica molt cuidada, discreta i cl\u00e0ssica. Inclinable, el suport pot bloquejar-se en qualsevol posici\u00f3. Els seus coixins amb c\u00e0mera d&#8217;aire i farciment d&#8217;escuma de poliuret\u00e0 i plomes d&#8217;oca, fa que tingui una sensaci\u00f3 de comfort en asseure&#8217;s.<\/p>\n","protected":false},"featured_media":4690,"comment_status":"closed","ping_status":"open","template":"","meta":{"_acf_changed":false},"product_cat":[1305,1134],"product_tag":[],"disenadores":[1933],"marca":[1311],"class_list":{"0":"post-15058","1":"product","2":"type-product","3":"status-publish","4":"has-post-thumbnail","6":"product_cat-chaise-longueoutlet","7":"product_cat-mobiliari","8":"disenadores-antonio-citterio","9":"marca-vitra","10":"sales-flash-overlay","11":"woocommerce-text-align-center","12":"woocommerce-image-align-center","13":"do-quantity-buttons","14":"wc-has-gallery","16":"first","17":"instock","18":"purchasable","19":"product-type-simple"},"acf":[],"_links":{"self":[{"href":"https:\/\/enlineabarcelona.com\/ca\/wp-json\/wp\/v2\/product\/15058","targetHints":{"allow":["GET"]}}],"collection":[{"href":"https:\/\/enlineabarcelona.com\/ca\/wp-json\/wp\/v2\/product"}],"about":[{"href":"https:\/\/enlineabarcelona.com\/ca\/wp-json\/wp\/v2\/types\/product"}],"replies":[{"embeddable":true,"href":"https:\/\/enlineabarcelona.com\/ca\/wp-json\/wp\/v2\/comments?post=15058"}],"wp:featuredmedia":[{"embeddable":true,"href":"https:\/\/enlineabarcelona.com\/ca\/wp-json\/wp\/v2\/media\/4690"}],"wp:attachment":[{"href":"https:\/\/enlineabarcelona.com\/ca\/wp-json\/wp\/v2\/media?parent=15058"}],"wp:term":[{"taxonomy":"product_cat","embeddable":true,"href":"https:\/\/enlineabarcelona.com\/ca\/wp-json\/wp\/v2\/product_cat?post=15058"},{"taxonomy":"product_tag","embeddable":true,"href":"https:\/\/enlineabarcelona.com\/ca\/wp-json\/wp\/v2\/product_tag?post=15058"},{"taxonomy":"disenadores","embeddable":true,"href":"https:\/\/enlineabarcelona.com\/ca\/wp-json\/wp\/v2\/disenadores?post=15058"},{"taxonomy":"marca","embeddable":true,"href":"https:\/\/enlineabarcelona.com\/ca\/wp-json\/wp\/v2\/marca?post=15058"}],"curies":[{"name":"wp","href":"https:\/\/api.w.org\/{rel}","templated":true}]}}