{"id":15059,"date":"2025-10-27T11:12:28","date_gmt":"2025-10-27T11:12:28","guid":{"rendered":"https:\/\/enlineabarcelona.com\/producto\/pk24\/"},"modified":"2025-10-27T15:43:24","modified_gmt":"2025-10-27T15:43:24","slug":"pk24","status":"publish","type":"product","link":"https:\/\/enlineabarcelona.com\/ca\/producto\/pk24\/","title":{"rendered":"PK24"},"content":{"rendered":"<p>La PK24 \u00e9s una de les creacions m\u00e9s conegudes del seu dissenyador. Tamb\u00e9 anomenada cadira hamaca, per la forma en la qual el cos se sost\u00e9 entre dos punts.<\/p>\n","protected":false},"excerpt":{"rendered":"<p>La PK24 \u00e9s una de les creacions m\u00e9s conegudes del seu dissenyador. Tamb\u00e9 anomenada cadira hamaca, per la forma en la qual el cos se sost\u00e9 entre dos punts.<\/p>\n","protected":false},"featured_media":14444,"comment_status":"closed","ping_status":"open","template":"","meta":{"_acf_changed":false},"product_cat":[1305,1134],"product_tag":[],"disenadores":[1306],"marca":[],"class_list":{"0":"post-15059","1":"product","2":"type-product","3":"status-publish","4":"has-post-thumbnail","6":"product_cat-chaise-longueoutlet","7":"product_cat-mobiliari","8":"disenadores-poul-kjaerholmpoul-kjaerholm","9":"sales-flash-overlay","10":"woocommerce-text-align-center","11":"woocommerce-image-align-center","12":"do-quantity-buttons","13":"wc-has-gallery","15":"first","16":"instock","17":"purchasable","18":"product-type-simple"},"acf":[],"_links":{"self":[{"href":"https:\/\/enlineabarcelona.com\/ca\/wp-json\/wp\/v2\/product\/15059","targetHints":{"allow":["GET"]}}],"collection":[{"href":"https:\/\/enlineabarcelona.com\/ca\/wp-json\/wp\/v2\/product"}],"about":[{"href":"https:\/\/enlineabarcelona.com\/ca\/wp-json\/wp\/v2\/types\/product"}],"replies":[{"embeddable":true,"href":"https:\/\/enlineabarcelona.com\/ca\/wp-json\/wp\/v2\/comments?post=15059"}],"wp:featuredmedia":[{"embeddable":true,"href":"https:\/\/enlineabarcelona.com\/ca\/wp-json\/wp\/v2\/media\/14444"}],"wp:attachment":[{"href":"https:\/\/enlineabarcelona.com\/ca\/wp-json\/wp\/v2\/media?parent=15059"}],"wp:term":[{"taxonomy":"product_cat","embeddable":true,"href":"https:\/\/enlineabarcelona.com\/ca\/wp-json\/wp\/v2\/product_cat?post=15059"},{"taxonomy":"product_tag","embeddable":true,"href":"https:\/\/enlineabarcelona.com\/ca\/wp-json\/wp\/v2\/product_tag?post=15059"},{"taxonomy":"disenadores","embeddable":true,"href":"https:\/\/enlineabarcelona.com\/ca\/wp-json\/wp\/v2\/disenadores?post=15059"},{"taxonomy":"marca","embeddable":true,"href":"https:\/\/enlineabarcelona.com\/ca\/wp-json\/wp\/v2\/marca?post=15059"}],"curies":[{"name":"wp","href":"https:\/\/api.w.org\/{rel}","templated":true}]}}