{"id":15064,"date":"2025-10-27T11:13:05","date_gmt":"2025-10-27T11:13:05","guid":{"rendered":"https:\/\/enlineabarcelona.com\/producto\/traveller\/"},"modified":"2025-10-27T15:43:32","modified_gmt":"2025-10-27T15:43:32","slug":"traveller","status":"publish","type":"product","link":"https:\/\/enlineabarcelona.com\/ca\/producto\/traveller\/","title":{"rendered":"TRAVELLER"},"content":{"rendered":"<p>La chaise longue traveller \u00e9s una pe\u00e7a elegant i original. La seva estructura en forma de cavallet, a part d&#8217;est\u00e8tic pot tenir un \u00fas funcional, ja que podem utilitzar-lo per a col\u00b7locar roba en ella. Els suports laterals amb pell, emulen la cadira de muntar.<\/p>\n","protected":false},"excerpt":{"rendered":"<p>La chaise longue traveller \u00e9s una pe\u00e7a elegant i original. La seva estructura en forma de cavallet, a part d&#8217;est\u00e8tic pot tenir un \u00fas funcional, ja que podem utilitzar-lo per a col\u00b7locar roba en ella. Els suports laterals amb pell, emulen la cadira de muntar.<\/p>\n","protected":false},"featured_media":4786,"comment_status":"closed","ping_status":"open","template":"","meta":{"_acf_changed":false},"product_cat":[1307,1134],"product_tag":[],"disenadores":[],"marca":[],"class_list":{"0":"post-15064","1":"product","2":"type-product","3":"status-publish","4":"has-post-thumbnail","6":"product_cat-chaise-longue","7":"product_cat-mobiliari","8":"sales-flash-overlay","9":"woocommerce-text-align-center","10":"woocommerce-image-align-center","11":"do-quantity-buttons","12":"wc-has-gallery","14":"first","15":"instock","16":"purchasable","17":"product-type-simple"},"acf":[],"_links":{"self":[{"href":"https:\/\/enlineabarcelona.com\/ca\/wp-json\/wp\/v2\/product\/15064","targetHints":{"allow":["GET"]}}],"collection":[{"href":"https:\/\/enlineabarcelona.com\/ca\/wp-json\/wp\/v2\/product"}],"about":[{"href":"https:\/\/enlineabarcelona.com\/ca\/wp-json\/wp\/v2\/types\/product"}],"replies":[{"embeddable":true,"href":"https:\/\/enlineabarcelona.com\/ca\/wp-json\/wp\/v2\/comments?post=15064"}],"wp:featuredmedia":[{"embeddable":true,"href":"https:\/\/enlineabarcelona.com\/ca\/wp-json\/wp\/v2\/media\/4786"}],"wp:attachment":[{"href":"https:\/\/enlineabarcelona.com\/ca\/wp-json\/wp\/v2\/media?parent=15064"}],"wp:term":[{"taxonomy":"product_cat","embeddable":true,"href":"https:\/\/enlineabarcelona.com\/ca\/wp-json\/wp\/v2\/product_cat?post=15064"},{"taxonomy":"product_tag","embeddable":true,"href":"https:\/\/enlineabarcelona.com\/ca\/wp-json\/wp\/v2\/product_tag?post=15064"},{"taxonomy":"disenadores","embeddable":true,"href":"https:\/\/enlineabarcelona.com\/ca\/wp-json\/wp\/v2\/disenadores?post=15064"},{"taxonomy":"marca","embeddable":true,"href":"https:\/\/enlineabarcelona.com\/ca\/wp-json\/wp\/v2\/marca?post=15064"}],"curies":[{"name":"wp","href":"https:\/\/api.w.org\/{rel}","templated":true}]}}