{"id":15070,"date":"2025-10-27T11:13:05","date_gmt":"2025-10-27T11:13:05","guid":{"rendered":"https:\/\/enlineabarcelona.com\/producto\/zeus-teti\/"},"modified":"2026-02-16T11:51:18","modified_gmt":"2026-02-16T11:51:18","slug":"zeus-teti","status":"publish","type":"product","link":"https:\/\/enlineabarcelona.com\/ca\/producto\/zeus-teti\/","title":{"rendered":"ZEUS &#038;TETI"},"content":{"rendered":"<p>Tots dos tamborets s\u00f3n peces tornejades, signades pel seu dissenyador. Producci\u00f3 manual en la seva majoria. Estructura de gres fi porcel\u00e0nic antigel per a \u00fas exterior, amb doble capa d&#8217;esmalt aplicat a m\u00e0 de gruix controlat, cuit a 1250 \u00b0C amb un cicle d&#8217;elaboraci\u00f3 de 36 hores, color blau-marr\u00f3.<\/p>\n","protected":false},"excerpt":{"rendered":"<p>Tots dos tamborets s\u00f3n peces tornejades, signades pel seu dissenyador. Producci\u00f3 manual en la seva majoria. Estructura de gres fi porcel\u00e0nic antigel per a \u00fas exterior, amb doble capa d&#8217;esmalt aplicat a m\u00e0 de gruix controlat, cuit a 1250 \u00b0C amb un cicle d&#8217;elaboraci\u00f3 de 36 hores, color blau-marr\u00f3.<\/p>\n","protected":false},"featured_media":4930,"comment_status":"closed","ping_status":"open","template":"","meta":{"_acf_changed":false},"product_cat":[1134,1310],"product_tag":[],"disenadores":[1970],"marca":[],"class_list":{"0":"post-15070","1":"product","2":"type-product","3":"status-publish","4":"has-post-thumbnail","6":"product_cat-mobiliari","7":"product_cat-tamborets","8":"disenadores-prospero-rasulo","9":"sales-flash-overlay","10":"woocommerce-text-align-center","11":"woocommerce-image-align-center","12":"do-quantity-buttons","13":"wc-has-gallery","15":"first","16":"instock","17":"purchasable","18":"product-type-simple"},"acf":[],"_links":{"self":[{"href":"https:\/\/enlineabarcelona.com\/ca\/wp-json\/wp\/v2\/product\/15070","targetHints":{"allow":["GET"]}}],"collection":[{"href":"https:\/\/enlineabarcelona.com\/ca\/wp-json\/wp\/v2\/product"}],"about":[{"href":"https:\/\/enlineabarcelona.com\/ca\/wp-json\/wp\/v2\/types\/product"}],"replies":[{"embeddable":true,"href":"https:\/\/enlineabarcelona.com\/ca\/wp-json\/wp\/v2\/comments?post=15070"}],"wp:featuredmedia":[{"embeddable":true,"href":"https:\/\/enlineabarcelona.com\/ca\/wp-json\/wp\/v2\/media\/4930"}],"wp:attachment":[{"href":"https:\/\/enlineabarcelona.com\/ca\/wp-json\/wp\/v2\/media?parent=15070"}],"wp:term":[{"taxonomy":"product_cat","embeddable":true,"href":"https:\/\/enlineabarcelona.com\/ca\/wp-json\/wp\/v2\/product_cat?post=15070"},{"taxonomy":"product_tag","embeddable":true,"href":"https:\/\/enlineabarcelona.com\/ca\/wp-json\/wp\/v2\/product_tag?post=15070"},{"taxonomy":"disenadores","embeddable":true,"href":"https:\/\/enlineabarcelona.com\/ca\/wp-json\/wp\/v2\/disenadores?post=15070"},{"taxonomy":"marca","embeddable":true,"href":"https:\/\/enlineabarcelona.com\/ca\/wp-json\/wp\/v2\/marca?post=15070"}],"curies":[{"name":"wp","href":"https:\/\/api.w.org\/{rel}","templated":true}]}}