{"id":15073,"date":"2025-10-27T11:13:05","date_gmt":"2025-10-27T11:13:05","guid":{"rendered":"https:\/\/enlineabarcelona.com\/producto\/feelgood\/"},"modified":"2026-02-23T12:46:28","modified_gmt":"2026-02-23T12:46:28","slug":"feelgood","status":"publish","type":"product","link":"https:\/\/enlineabarcelona.com\/ca\/producto\/feelgood\/","title":{"rendered":"FEELGOOD"},"content":{"rendered":"<p>Cama visualmente muy ligera, de dise\u00f1o atemporal. Con cabezal y somier tapizados en tela o piel de la colecci\u00f3n de Flexform, totalmetne desenfundables. Patas en aluminio acabado a elegir. Su linea sigue la misma est\u00e9tica de la colecci\u00f3n a la que pertenece.<\/p>\n\n<p><\/p>\n","protected":false},"excerpt":{"rendered":"<p>Cama visualmente muy ligera, de dise\u00f1o atemporal. Con cabezal y somier tapizados en tela o piel de la colecci\u00f3n de Flexform, totalmetne desenfundables. Patas en aluminio acabado a elegir. Su linea sigue la misma est\u00e9tica de la colecci\u00f3n a la que pertenece.<\/p>\n","protected":false},"featured_media":4990,"comment_status":"closed","ping_status":"open","template":"","meta":{"_acf_changed":false},"product_cat":[1323,1134,1324],"product_tag":[],"disenadores":[1933],"marca":[],"class_list":{"0":"post-15073","1":"product","2":"type-product","3":"status-publish","4":"has-post-thumbnail","6":"product_cat-llitsmobiliari","7":"product_cat-mobiliari","8":"product_cat-tamborets","9":"disenadores-antonio-citterio","10":"sales-flash-overlay","11":"woocommerce-text-align-center","12":"woocommerce-image-align-center","13":"do-quantity-buttons","14":"wc-has-gallery","16":"first","17":"instock","18":"purchasable","19":"product-type-simple"},"acf":[],"_links":{"self":[{"href":"https:\/\/enlineabarcelona.com\/ca\/wp-json\/wp\/v2\/product\/15073","targetHints":{"allow":["GET"]}}],"collection":[{"href":"https:\/\/enlineabarcelona.com\/ca\/wp-json\/wp\/v2\/product"}],"about":[{"href":"https:\/\/enlineabarcelona.com\/ca\/wp-json\/wp\/v2\/types\/product"}],"replies":[{"embeddable":true,"href":"https:\/\/enlineabarcelona.com\/ca\/wp-json\/wp\/v2\/comments?post=15073"}],"wp:featuredmedia":[{"embeddable":true,"href":"https:\/\/enlineabarcelona.com\/ca\/wp-json\/wp\/v2\/media\/4990"}],"wp:attachment":[{"href":"https:\/\/enlineabarcelona.com\/ca\/wp-json\/wp\/v2\/media?parent=15073"}],"wp:term":[{"taxonomy":"product_cat","embeddable":true,"href":"https:\/\/enlineabarcelona.com\/ca\/wp-json\/wp\/v2\/product_cat?post=15073"},{"taxonomy":"product_tag","embeddable":true,"href":"https:\/\/enlineabarcelona.com\/ca\/wp-json\/wp\/v2\/product_tag?post=15073"},{"taxonomy":"disenadores","embeddable":true,"href":"https:\/\/enlineabarcelona.com\/ca\/wp-json\/wp\/v2\/disenadores?post=15073"},{"taxonomy":"marca","embeddable":true,"href":"https:\/\/enlineabarcelona.com\/ca\/wp-json\/wp\/v2\/marca?post=15073"}],"curies":[{"name":"wp","href":"https:\/\/api.w.org\/{rel}","templated":true}]}}