{"id":15077,"date":"2025-10-27T11:13:05","date_gmt":"2025-10-27T11:13:05","guid":{"rendered":"https:\/\/enlineabarcelona.com\/producto\/quaderna\/"},"modified":"2025-10-27T15:43:46","modified_gmt":"2025-10-27T15:43:46","slug":"quaderna","status":"publish","type":"product","link":"https:\/\/enlineabarcelona.com\/ca\/producto\/quaderna\/","title":{"rendered":"QUADERNA"},"content":{"rendered":"<p>Banc dissenyat per Superstudio. Molt vers\u00e0til, \u00fatil com a banc, taula de suport en dormitoris i estudis. Estructura de niu d&#8217;abella recobert amb laminatge de pl\u00e0stic blanc, impr\u00e8s digitalment amb quadrats negres a 3 cm de dist\u00e0ncia.<\/p>\n","protected":false},"excerpt":{"rendered":"<p>Banc dissenyat per Superstudio. Molt vers\u00e0til, \u00fatil com a banc, taula de suport en dormitoris i estudis. Estructura de niu d&#8217;abella recobert amb laminatge de pl\u00e0stic blanc, impr\u00e8s digitalment amb quadrats negres a 3 cm de dist\u00e0ncia.<\/p>\n","protected":false},"featured_media":5045,"comment_status":"closed","ping_status":"open","template":"","meta":{"_acf_changed":false},"product_cat":[1326,1134],"product_tag":[],"disenadores":[1327],"marca":[],"class_list":{"0":"post-15077","1":"product","2":"type-product","3":"status-publish","4":"has-post-thumbnail","6":"product_cat-banc","7":"product_cat-mobiliari","8":"disenadores-superstudiosuperstudio","9":"sales-flash-overlay","10":"woocommerce-text-align-center","11":"woocommerce-image-align-center","12":"do-quantity-buttons","13":"wc-has-gallery","15":"first","16":"instock","17":"purchasable","18":"product-type-simple"},"acf":[],"_links":{"self":[{"href":"https:\/\/enlineabarcelona.com\/ca\/wp-json\/wp\/v2\/product\/15077","targetHints":{"allow":["GET"]}}],"collection":[{"href":"https:\/\/enlineabarcelona.com\/ca\/wp-json\/wp\/v2\/product"}],"about":[{"href":"https:\/\/enlineabarcelona.com\/ca\/wp-json\/wp\/v2\/types\/product"}],"replies":[{"embeddable":true,"href":"https:\/\/enlineabarcelona.com\/ca\/wp-json\/wp\/v2\/comments?post=15077"}],"wp:featuredmedia":[{"embeddable":true,"href":"https:\/\/enlineabarcelona.com\/ca\/wp-json\/wp\/v2\/media\/5045"}],"wp:attachment":[{"href":"https:\/\/enlineabarcelona.com\/ca\/wp-json\/wp\/v2\/media?parent=15077"}],"wp:term":[{"taxonomy":"product_cat","embeddable":true,"href":"https:\/\/enlineabarcelona.com\/ca\/wp-json\/wp\/v2\/product_cat?post=15077"},{"taxonomy":"product_tag","embeddable":true,"href":"https:\/\/enlineabarcelona.com\/ca\/wp-json\/wp\/v2\/product_tag?post=15077"},{"taxonomy":"disenadores","embeddable":true,"href":"https:\/\/enlineabarcelona.com\/ca\/wp-json\/wp\/v2\/disenadores?post=15077"},{"taxonomy":"marca","embeddable":true,"href":"https:\/\/enlineabarcelona.com\/ca\/wp-json\/wp\/v2\/marca?post=15077"}],"curies":[{"name":"wp","href":"https:\/\/api.w.org\/{rel}","templated":true}]}}