{"id":15079,"date":"2025-10-27T11:13:05","date_gmt":"2025-10-27T11:13:05","guid":{"rendered":"https:\/\/enlineabarcelona.com\/producto\/calle\/"},"modified":"2025-10-27T15:43:47","modified_gmt":"2025-10-27T15:43:47","slug":"calle","status":"publish","type":"product","link":"https:\/\/enlineabarcelona.com\/ca\/producto\/calle\/","title":{"rendered":"CALLE"},"content":{"rendered":"<p>Banc de fusta massissa, seient contornejat realitzat en tres tables, afinades en el centre per a aconseguir un seient c\u00f2mode. Fermesa a trav\u00e9s de dos laterals i una biga longitudinal inferior. La fusta per al banc \u00e9s de cms de gruix. Es lliura d&#8217;una sola pe\u00e7a.<\/p>\n","protected":false},"excerpt":{"rendered":"<p>Banc de fusta massissa, seient contornejat realitzat en tres tables, afinades en el centre per a aconseguir un seient c\u00f2mode. Fermesa a trav\u00e9s de dos laterals i una biga longitudinal inferior. La fusta per al banc \u00e9s de cms de gruix. Es lliura d&#8217;una sola pe\u00e7a.<\/p>\n","protected":false},"featured_media":5080,"comment_status":"closed","ping_status":"open","template":"","meta":{"_acf_changed":false},"product_cat":[1326,1134],"product_tag":[],"disenadores":[],"marca":[],"class_list":{"0":"post-15079","1":"product","2":"type-product","3":"status-publish","4":"has-post-thumbnail","6":"product_cat-banc","7":"product_cat-mobiliari","8":"sales-flash-overlay","9":"woocommerce-text-align-center","10":"woocommerce-image-align-center","11":"do-quantity-buttons","12":"wc-has-gallery","14":"first","15":"instock","16":"purchasable","17":"product-type-simple"},"acf":[],"_links":{"self":[{"href":"https:\/\/enlineabarcelona.com\/ca\/wp-json\/wp\/v2\/product\/15079","targetHints":{"allow":["GET"]}}],"collection":[{"href":"https:\/\/enlineabarcelona.com\/ca\/wp-json\/wp\/v2\/product"}],"about":[{"href":"https:\/\/enlineabarcelona.com\/ca\/wp-json\/wp\/v2\/types\/product"}],"replies":[{"embeddable":true,"href":"https:\/\/enlineabarcelona.com\/ca\/wp-json\/wp\/v2\/comments?post=15079"}],"wp:featuredmedia":[{"embeddable":true,"href":"https:\/\/enlineabarcelona.com\/ca\/wp-json\/wp\/v2\/media\/5080"}],"wp:attachment":[{"href":"https:\/\/enlineabarcelona.com\/ca\/wp-json\/wp\/v2\/media?parent=15079"}],"wp:term":[{"taxonomy":"product_cat","embeddable":true,"href":"https:\/\/enlineabarcelona.com\/ca\/wp-json\/wp\/v2\/product_cat?post=15079"},{"taxonomy":"product_tag","embeddable":true,"href":"https:\/\/enlineabarcelona.com\/ca\/wp-json\/wp\/v2\/product_tag?post=15079"},{"taxonomy":"disenadores","embeddable":true,"href":"https:\/\/enlineabarcelona.com\/ca\/wp-json\/wp\/v2\/disenadores?post=15079"},{"taxonomy":"marca","embeddable":true,"href":"https:\/\/enlineabarcelona.com\/ca\/wp-json\/wp\/v2\/marca?post=15079"}],"curies":[{"name":"wp","href":"https:\/\/api.w.org\/{rel}","templated":true}]}}