{"id":15080,"date":"2025-10-27T11:13:05","date_gmt":"2025-10-27T11:13:05","guid":{"rendered":"https:\/\/enlineabarcelona.com\/producto\/betty\/"},"modified":"2025-10-27T15:43:49","modified_gmt":"2025-10-27T15:43:49","slug":"betty","status":"publish","type":"product","link":"https:\/\/enlineabarcelona.com\/ca\/producto\/betty\/","title":{"rendered":"BETTY"},"content":{"rendered":"<p>Nomenat en honor al teatre Betty Nansen de Copenhaguen, seient de corretges fetes a m\u00e0 amb fibres de lli natural. Estructura de roure mass\u00eds disponible en tres colors: Negre, granat i natural, sempre amb cintes en natural. Existeix una versi\u00f3 completament negra.<\/p>\n","protected":false},"excerpt":{"rendered":"<p>Nomenat en honor al teatre Betty Nansen de Copenhaguen, seient de corretges fetes a m\u00e0 amb fibres de lli natural. Estructura de roure mass\u00eds disponible en tres colors: Negre, granat i natural, sempre amb cintes en natural. Existeix una versi\u00f3 completament negra.<\/p>\n","protected":false},"featured_media":14510,"comment_status":"closed","ping_status":"open","template":"","meta":{"_acf_changed":false},"product_cat":[1326,1134],"product_tag":[],"disenadores":[1847],"marca":[],"class_list":{"0":"post-15080","1":"product","2":"type-product","3":"status-publish","4":"has-post-thumbnail","6":"product_cat-banc","7":"product_cat-mobiliari","8":"disenadores-thau-kallio","9":"sales-flash-overlay","10":"woocommerce-text-align-center","11":"woocommerce-image-align-center","12":"do-quantity-buttons","14":"first","15":"instock","16":"purchasable","17":"product-type-simple"},"acf":[],"_links":{"self":[{"href":"https:\/\/enlineabarcelona.com\/ca\/wp-json\/wp\/v2\/product\/15080","targetHints":{"allow":["GET"]}}],"collection":[{"href":"https:\/\/enlineabarcelona.com\/ca\/wp-json\/wp\/v2\/product"}],"about":[{"href":"https:\/\/enlineabarcelona.com\/ca\/wp-json\/wp\/v2\/types\/product"}],"replies":[{"embeddable":true,"href":"https:\/\/enlineabarcelona.com\/ca\/wp-json\/wp\/v2\/comments?post=15080"}],"wp:featuredmedia":[{"embeddable":true,"href":"https:\/\/enlineabarcelona.com\/ca\/wp-json\/wp\/v2\/media\/14510"}],"wp:attachment":[{"href":"https:\/\/enlineabarcelona.com\/ca\/wp-json\/wp\/v2\/media?parent=15080"}],"wp:term":[{"taxonomy":"product_cat","embeddable":true,"href":"https:\/\/enlineabarcelona.com\/ca\/wp-json\/wp\/v2\/product_cat?post=15080"},{"taxonomy":"product_tag","embeddable":true,"href":"https:\/\/enlineabarcelona.com\/ca\/wp-json\/wp\/v2\/product_tag?post=15080"},{"taxonomy":"disenadores","embeddable":true,"href":"https:\/\/enlineabarcelona.com\/ca\/wp-json\/wp\/v2\/disenadores?post=15080"},{"taxonomy":"marca","embeddable":true,"href":"https:\/\/enlineabarcelona.com\/ca\/wp-json\/wp\/v2\/marca?post=15080"}],"curies":[{"name":"wp","href":"https:\/\/api.w.org\/{rel}","templated":true}]}}