{"id":15082,"date":"2025-10-27T11:13:05","date_gmt":"2025-10-27T11:13:05","guid":{"rendered":"https:\/\/enlineabarcelona.com\/producto\/nelson\/"},"modified":"2025-12-18T09:57:12","modified_gmt":"2025-12-18T09:57:12","slug":"nelson","status":"publish","type":"product","link":"https:\/\/enlineabarcelona.com\/ca\/producto\/nelson\/","title":{"rendered":"NELSON"},"content":{"rendered":"<p>Banc de l\u00ednies molt senzilles que recorden al seu dissenyador, George Nelson. T\u00e9 un disseny molt v\u00e9rsatil, apte tant per a asseure&#8217;s com per a col\u00b7locar objectes.<\/p>\n","protected":false},"excerpt":{"rendered":"<p>Banc de l\u00ednies molt senzilles que recorden al seu dissenyador, George Nelson. T\u00e9 un disseny molt v\u00e9rsatil, apte tant per a asseure&#8217;s com per a col\u00b7locar objectes.<\/p>\n","protected":false},"featured_media":14515,"comment_status":"closed","ping_status":"open","template":"","meta":{"_acf_changed":false},"product_cat":[1326,1134],"product_tag":[],"disenadores":[1331],"marca":[1311],"class_list":{"0":"post-15082","1":"product","2":"type-product","3":"status-publish","4":"has-post-thumbnail","6":"product_cat-banc","7":"product_cat-mobiliari","8":"disenadores-george-nelsongeorge-nelson","9":"marca-vitra","10":"sales-flash-overlay","11":"woocommerce-text-align-center","12":"woocommerce-image-align-center","13":"do-quantity-buttons","14":"wc-has-gallery","16":"first","17":"instock","18":"purchasable","19":"product-type-simple"},"acf":[],"_links":{"self":[{"href":"https:\/\/enlineabarcelona.com\/ca\/wp-json\/wp\/v2\/product\/15082","targetHints":{"allow":["GET"]}}],"collection":[{"href":"https:\/\/enlineabarcelona.com\/ca\/wp-json\/wp\/v2\/product"}],"about":[{"href":"https:\/\/enlineabarcelona.com\/ca\/wp-json\/wp\/v2\/types\/product"}],"replies":[{"embeddable":true,"href":"https:\/\/enlineabarcelona.com\/ca\/wp-json\/wp\/v2\/comments?post=15082"}],"wp:featuredmedia":[{"embeddable":true,"href":"https:\/\/enlineabarcelona.com\/ca\/wp-json\/wp\/v2\/media\/14515"}],"wp:attachment":[{"href":"https:\/\/enlineabarcelona.com\/ca\/wp-json\/wp\/v2\/media?parent=15082"}],"wp:term":[{"taxonomy":"product_cat","embeddable":true,"href":"https:\/\/enlineabarcelona.com\/ca\/wp-json\/wp\/v2\/product_cat?post=15082"},{"taxonomy":"product_tag","embeddable":true,"href":"https:\/\/enlineabarcelona.com\/ca\/wp-json\/wp\/v2\/product_tag?post=15082"},{"taxonomy":"disenadores","embeddable":true,"href":"https:\/\/enlineabarcelona.com\/ca\/wp-json\/wp\/v2\/disenadores?post=15082"},{"taxonomy":"marca","embeddable":true,"href":"https:\/\/enlineabarcelona.com\/ca\/wp-json\/wp\/v2\/marca?post=15082"}],"curies":[{"name":"wp","href":"https:\/\/api.w.org\/{rel}","templated":true}]}}