{"id":15086,"date":"2025-10-27T11:13:25","date_gmt":"2025-10-27T11:13:25","guid":{"rendered":"https:\/\/enlineabarcelona.com\/producto\/mirto\/"},"modified":"2026-02-16T12:24:01","modified_gmt":"2026-02-16T12:24:01","slug":"mirto","status":"publish","type":"product","link":"https:\/\/enlineabarcelona.com\/ca\/producto\/mirto\/","title":{"rendered":"MIRTO"},"content":{"rendered":"<p>Taula de l\u00ednies fines, rectes, amb base de quatre potes posicionades en els extrems que facilita el posicionament del m\u00e0xim de persones a taula. Base en alumini acabat a triar i sobre en diferents acabats de B&amp;B It\u00e0lia. Disponible en diverses mesures.<\/p>\n","protected":false},"excerpt":{"rendered":"<p>Taula de l\u00ednies fines, rectes, amb base de quatre potes posicionades en els extrems que facilita el posicionament del m\u00e0xim de persones a taula. Base en alumini acabat a triar i sobre en diferents acabats de B&amp;B It\u00e0lia. Disponible en diverses mesures.<\/p>\n","protected":false},"featured_media":5255,"comment_status":"closed","ping_status":"open","template":"","meta":{"_acf_changed":false},"product_cat":[1134,1336],"product_tag":[],"disenadores":[1933],"marca":[1422],"class_list":{"0":"post-15086","1":"product","2":"type-product","3":"status-publish","4":"has-post-thumbnail","6":"product_cat-mobiliari","7":"product_cat-taules","8":"disenadores-antonio-citterio","9":"marca-bb-italia","10":"sales-flash-overlay","11":"woocommerce-text-align-center","12":"woocommerce-image-align-center","13":"do-quantity-buttons","14":"wc-has-gallery","16":"first","17":"instock","18":"purchasable","19":"product-type-simple"},"acf":[],"_links":{"self":[{"href":"https:\/\/enlineabarcelona.com\/ca\/wp-json\/wp\/v2\/product\/15086","targetHints":{"allow":["GET"]}}],"collection":[{"href":"https:\/\/enlineabarcelona.com\/ca\/wp-json\/wp\/v2\/product"}],"about":[{"href":"https:\/\/enlineabarcelona.com\/ca\/wp-json\/wp\/v2\/types\/product"}],"replies":[{"embeddable":true,"href":"https:\/\/enlineabarcelona.com\/ca\/wp-json\/wp\/v2\/comments?post=15086"}],"wp:featuredmedia":[{"embeddable":true,"href":"https:\/\/enlineabarcelona.com\/ca\/wp-json\/wp\/v2\/media\/5255"}],"wp:attachment":[{"href":"https:\/\/enlineabarcelona.com\/ca\/wp-json\/wp\/v2\/media?parent=15086"}],"wp:term":[{"taxonomy":"product_cat","embeddable":true,"href":"https:\/\/enlineabarcelona.com\/ca\/wp-json\/wp\/v2\/product_cat?post=15086"},{"taxonomy":"product_tag","embeddable":true,"href":"https:\/\/enlineabarcelona.com\/ca\/wp-json\/wp\/v2\/product_tag?post=15086"},{"taxonomy":"disenadores","embeddable":true,"href":"https:\/\/enlineabarcelona.com\/ca\/wp-json\/wp\/v2\/disenadores?post=15086"},{"taxonomy":"marca","embeddable":true,"href":"https:\/\/enlineabarcelona.com\/ca\/wp-json\/wp\/v2\/marca?post=15086"}],"curies":[{"name":"wp","href":"https:\/\/api.w.org\/{rel}","templated":true}]}}