{"id":15087,"date":"2025-10-27T11:13:25","date_gmt":"2025-10-27T11:13:25","guid":{"rendered":"https:\/\/enlineabarcelona.com\/producto\/metallico\/"},"modified":"2026-02-02T15:23:59","modified_gmt":"2026-02-02T15:23:59","slug":"metallico","status":"publish","type":"product","link":"https:\/\/enlineabarcelona.com\/ca\/producto\/metallico\/","title":{"rendered":"METALLICO"},"content":{"rendered":"<p>Mesa caracter\u00edstica por su ligereza est\u00e9tica. Fabricada en chapa de aluminio macizo de 12 mm, hace de ella una mesa s\u00f3lida. Se puede realizar a medida. El acabado de tacto atorciopelado se consigue gracias a una pintura catalizada y un encerado a mano de varias capas. Disponible en varios colores y maderas d ela colecci\u00f3n de Porro.<\/p>\n\n<p><\/p>\n","protected":false},"excerpt":{"rendered":"<p>Mesa caracter\u00edstica por su ligereza est\u00e9tica. Fabricada en chapa de aluminio macizo de 12 mm, hace de ella una mesa s\u00f3lida. Se puede realizar a medida. El acabado de tacto atorciopelado se consigue gracias a una pintura catalizada y un encerado a mano de varias capas. Disponible en varios colores y maderas d ela colecci\u00f3n &#8230; <a title=\"METALLICO\" class=\"read-more\" href=\"https:\/\/enlineabarcelona.com\/ca\/producto\/metallico\/\" aria-label=\"M\u00e9s informaci\u00f3 sobre METALLICO\">Llegiu m\u00e9s<\/a><\/p>\n","protected":false},"featured_media":5268,"comment_status":"closed","ping_status":"open","template":"","meta":{"_acf_changed":false},"product_cat":[1134,1336],"product_tag":[],"disenadores":[1811],"marca":[],"class_list":{"0":"post-15087","1":"product","2":"type-product","3":"status-publish","4":"has-post-thumbnail","6":"product_cat-mobiliari","7":"product_cat-taules","8":"disenadores-piero-lissoni","9":"sales-flash-overlay","10":"woocommerce-text-align-center","11":"woocommerce-image-align-center","12":"do-quantity-buttons","13":"wc-has-gallery","15":"first","16":"instock","17":"purchasable","18":"product-type-simple"},"acf":[],"_links":{"self":[{"href":"https:\/\/enlineabarcelona.com\/ca\/wp-json\/wp\/v2\/product\/15087","targetHints":{"allow":["GET"]}}],"collection":[{"href":"https:\/\/enlineabarcelona.com\/ca\/wp-json\/wp\/v2\/product"}],"about":[{"href":"https:\/\/enlineabarcelona.com\/ca\/wp-json\/wp\/v2\/types\/product"}],"replies":[{"embeddable":true,"href":"https:\/\/enlineabarcelona.com\/ca\/wp-json\/wp\/v2\/comments?post=15087"}],"wp:featuredmedia":[{"embeddable":true,"href":"https:\/\/enlineabarcelona.com\/ca\/wp-json\/wp\/v2\/media\/5268"}],"wp:attachment":[{"href":"https:\/\/enlineabarcelona.com\/ca\/wp-json\/wp\/v2\/media?parent=15087"}],"wp:term":[{"taxonomy":"product_cat","embeddable":true,"href":"https:\/\/enlineabarcelona.com\/ca\/wp-json\/wp\/v2\/product_cat?post=15087"},{"taxonomy":"product_tag","embeddable":true,"href":"https:\/\/enlineabarcelona.com\/ca\/wp-json\/wp\/v2\/product_tag?post=15087"},{"taxonomy":"disenadores","embeddable":true,"href":"https:\/\/enlineabarcelona.com\/ca\/wp-json\/wp\/v2\/disenadores?post=15087"},{"taxonomy":"marca","embeddable":true,"href":"https:\/\/enlineabarcelona.com\/ca\/wp-json\/wp\/v2\/marca?post=15087"}],"curies":[{"name":"wp","href":"https:\/\/api.w.org\/{rel}","templated":true}]}}