{"id":15094,"date":"2025-10-27T11:13:25","date_gmt":"2025-10-27T11:13:25","guid":{"rendered":"https:\/\/enlineabarcelona.com\/producto\/sen\/"},"modified":"2025-10-27T15:44:06","modified_gmt":"2025-10-27T15:44:06","slug":"sen","status":"publish","type":"product","link":"https:\/\/enlineabarcelona.com\/ca\/producto\/sen\/","title":{"rendered":"SEN"},"content":{"rendered":"<p>Tauletes de diferents mesures, altures i formes, que permeten crear m\u00faltiples composicions. Tamb\u00e9 s\u00f3n molt diversos els acabats del sobre, entre els quals podem trobar, f\u00e8nix negre, roure natural, marbres, i pedres.<\/p>\n","protected":false},"excerpt":{"rendered":"<p>Tauletes de diferents mesures, altures i formes, que permeten crear m\u00faltiples composicions. Tamb\u00e9 s\u00f3n molt diversos els acabats del sobre, entre els quals podem trobar, f\u00e8nix negre, roure natural, marbres, i pedres.<\/p>\n","protected":false},"featured_media":5407,"comment_status":"closed","ping_status":"open","template":"","meta":{"_acf_changed":false},"product_cat":[1134,1336],"product_tag":[],"disenadores":[1342],"marca":[],"class_list":{"0":"post-15094","1":"product","2":"type-product","3":"status-publish","4":"has-post-thumbnail","6":"product_cat-mobiliari","7":"product_cat-taules","8":"disenadores-kensaku-oshirokensaku-oshiro","9":"sales-flash-overlay","10":"woocommerce-text-align-center","11":"woocommerce-image-align-center","12":"do-quantity-buttons","13":"wc-has-gallery","15":"first","16":"instock","17":"purchasable","18":"product-type-simple"},"acf":[],"_links":{"self":[{"href":"https:\/\/enlineabarcelona.com\/ca\/wp-json\/wp\/v2\/product\/15094","targetHints":{"allow":["GET"]}}],"collection":[{"href":"https:\/\/enlineabarcelona.com\/ca\/wp-json\/wp\/v2\/product"}],"about":[{"href":"https:\/\/enlineabarcelona.com\/ca\/wp-json\/wp\/v2\/types\/product"}],"replies":[{"embeddable":true,"href":"https:\/\/enlineabarcelona.com\/ca\/wp-json\/wp\/v2\/comments?post=15094"}],"wp:featuredmedia":[{"embeddable":true,"href":"https:\/\/enlineabarcelona.com\/ca\/wp-json\/wp\/v2\/media\/5407"}],"wp:attachment":[{"href":"https:\/\/enlineabarcelona.com\/ca\/wp-json\/wp\/v2\/media?parent=15094"}],"wp:term":[{"taxonomy":"product_cat","embeddable":true,"href":"https:\/\/enlineabarcelona.com\/ca\/wp-json\/wp\/v2\/product_cat?post=15094"},{"taxonomy":"product_tag","embeddable":true,"href":"https:\/\/enlineabarcelona.com\/ca\/wp-json\/wp\/v2\/product_tag?post=15094"},{"taxonomy":"disenadores","embeddable":true,"href":"https:\/\/enlineabarcelona.com\/ca\/wp-json\/wp\/v2\/disenadores?post=15094"},{"taxonomy":"marca","embeddable":true,"href":"https:\/\/enlineabarcelona.com\/ca\/wp-json\/wp\/v2\/marca?post=15094"}],"curies":[{"name":"wp","href":"https:\/\/api.w.org\/{rel}","templated":true}]}}