{"id":15099,"date":"2025-10-27T11:13:25","date_gmt":"2025-10-27T11:13:25","guid":{"rendered":"https:\/\/enlineabarcelona.com\/producto\/glove-gavinet\/"},"modified":"2025-10-27T17:19:41","modified_gmt":"2025-10-27T17:19:41","slug":"glove-gavinet","status":"publish","type":"product","link":"https:\/\/enlineabarcelona.com\/ca\/producto\/glove-gavinet\/","title":{"rendered":"GLOVE GAVINET"},"content":{"rendered":"\n<p>El Armario de Guantes, dise\u00f1ado por Finn Juhl para su esposa Hanne Wilhelm Hansen, fue presentado por Ludwig Pontoppidan en la Exposici\u00f3n del Gremio de Carpinteros en 1961 como parte de una colecci\u00f3n de muebles para el dormitorio. El Armario de Guantes est\u00e1 hecho de exclusivo madera de cerezo japon\u00e9s, con cajones pintados en la c\u00e1lida y fr\u00eda gama de colores de Finn Juhl. El armario est\u00e1 sostenido por patas de acero pulido acabadas con ruedas y herrajes de lat\u00f3n.<\/p>\n\n<p><\/p>\n","protected":false},"excerpt":{"rendered":"<p>El Armario de Guantes, dise\u00f1ado por Finn Juhl para su esposa Hanne Wilhelm Hansen, fue presentado por Ludwig Pontoppidan en la Exposici\u00f3n del Gremio de Carpinteros en 1961 como parte de una colecci\u00f3n de muebles para el dormitorio. El Armario de Guantes est\u00e1 hecho de exclusivo madera de cerezo japon\u00e9s, con cajones pintados en la &#8230; <a title=\"GLOVE GAVINET\" class=\"read-more\" href=\"https:\/\/enlineabarcelona.com\/ca\/producto\/glove-gavinet\/\" aria-label=\"M\u00e9s informaci\u00f3 sobre GLOVE GAVINET\">Llegiu m\u00e9s<\/a><\/p>\n","protected":false},"featured_media":5484,"comment_status":"closed","ping_status":"open","template":"","meta":{"_acf_changed":false},"product_cat":[1134,1345],"product_tag":[],"disenadores":[],"marca":[1277],"class_list":{"0":"post-15099","1":"product","2":"type-product","3":"status-publish","4":"has-post-thumbnail","6":"product_cat-mobiliari","7":"product_cat-prestatgeries","8":"marca-house-of-finn-juhl","9":"sales-flash-overlay","10":"woocommerce-text-align-center","11":"woocommerce-image-align-center","12":"do-quantity-buttons","13":"wc-has-gallery","15":"first","16":"instock","17":"purchasable","18":"product-type-simple"},"acf":[],"_links":{"self":[{"href":"https:\/\/enlineabarcelona.com\/ca\/wp-json\/wp\/v2\/product\/15099","targetHints":{"allow":["GET"]}}],"collection":[{"href":"https:\/\/enlineabarcelona.com\/ca\/wp-json\/wp\/v2\/product"}],"about":[{"href":"https:\/\/enlineabarcelona.com\/ca\/wp-json\/wp\/v2\/types\/product"}],"replies":[{"embeddable":true,"href":"https:\/\/enlineabarcelona.com\/ca\/wp-json\/wp\/v2\/comments?post=15099"}],"wp:featuredmedia":[{"embeddable":true,"href":"https:\/\/enlineabarcelona.com\/ca\/wp-json\/wp\/v2\/media\/5484"}],"wp:attachment":[{"href":"https:\/\/enlineabarcelona.com\/ca\/wp-json\/wp\/v2\/media?parent=15099"}],"wp:term":[{"taxonomy":"product_cat","embeddable":true,"href":"https:\/\/enlineabarcelona.com\/ca\/wp-json\/wp\/v2\/product_cat?post=15099"},{"taxonomy":"product_tag","embeddable":true,"href":"https:\/\/enlineabarcelona.com\/ca\/wp-json\/wp\/v2\/product_tag?post=15099"},{"taxonomy":"disenadores","embeddable":true,"href":"https:\/\/enlineabarcelona.com\/ca\/wp-json\/wp\/v2\/disenadores?post=15099"},{"taxonomy":"marca","embeddable":true,"href":"https:\/\/enlineabarcelona.com\/ca\/wp-json\/wp\/v2\/marca?post=15099"}],"curies":[{"name":"wp","href":"https:\/\/api.w.org\/{rel}","templated":true}]}}