{"id":15102,"date":"2025-10-27T11:13:25","date_gmt":"2025-10-27T11:13:25","guid":{"rendered":"https:\/\/enlineabarcelona.com\/producto\/juta\/"},"modified":"2025-10-27T15:44:13","modified_gmt":"2025-10-27T15:44:13","slug":"juta","status":"publish","type":"product","link":"https:\/\/enlineabarcelona.com\/ca\/producto\/juta\/","title":{"rendered":"JUTA"},"content":{"rendered":"<p>C\u00f2moda de l\u00ednies rectes, simples. Amb calaixos. Disponible en laca mat de tots els colors de la col\u00b7leccci\u00f3 de Flou. Disponible tamb\u00e9 com a tauleta de nit i en c\u00f2moda alta.<\/p>\n","protected":false},"excerpt":{"rendered":"<p>C\u00f2moda de l\u00ednies rectes, simples. Amb calaixos. Disponible en laca mat de tots els colors de la col\u00b7leccci\u00f3 de Flou. Disponible tamb\u00e9 com a tauleta de nit i en c\u00f2moda alta.<\/p>\n","protected":false},"featured_media":5565,"comment_status":"closed","ping_status":"open","template":"","meta":{"_acf_changed":false},"product_cat":[1134,1345],"product_tag":[],"disenadores":[],"marca":[],"class_list":{"0":"post-15102","1":"product","2":"type-product","3":"status-publish","4":"has-post-thumbnail","6":"product_cat-mobiliari","7":"product_cat-prestatgeries","8":"sales-flash-overlay","9":"woocommerce-text-align-center","10":"woocommerce-image-align-center","11":"do-quantity-buttons","12":"wc-has-gallery","14":"first","15":"instock","16":"purchasable","17":"product-type-simple"},"acf":[],"_links":{"self":[{"href":"https:\/\/enlineabarcelona.com\/ca\/wp-json\/wp\/v2\/product\/15102","targetHints":{"allow":["GET"]}}],"collection":[{"href":"https:\/\/enlineabarcelona.com\/ca\/wp-json\/wp\/v2\/product"}],"about":[{"href":"https:\/\/enlineabarcelona.com\/ca\/wp-json\/wp\/v2\/types\/product"}],"replies":[{"embeddable":true,"href":"https:\/\/enlineabarcelona.com\/ca\/wp-json\/wp\/v2\/comments?post=15102"}],"wp:featuredmedia":[{"embeddable":true,"href":"https:\/\/enlineabarcelona.com\/ca\/wp-json\/wp\/v2\/media\/5565"}],"wp:attachment":[{"href":"https:\/\/enlineabarcelona.com\/ca\/wp-json\/wp\/v2\/media?parent=15102"}],"wp:term":[{"taxonomy":"product_cat","embeddable":true,"href":"https:\/\/enlineabarcelona.com\/ca\/wp-json\/wp\/v2\/product_cat?post=15102"},{"taxonomy":"product_tag","embeddable":true,"href":"https:\/\/enlineabarcelona.com\/ca\/wp-json\/wp\/v2\/product_tag?post=15102"},{"taxonomy":"disenadores","embeddable":true,"href":"https:\/\/enlineabarcelona.com\/ca\/wp-json\/wp\/v2\/disenadores?post=15102"},{"taxonomy":"marca","embeddable":true,"href":"https:\/\/enlineabarcelona.com\/ca\/wp-json\/wp\/v2\/marca?post=15102"}],"curies":[{"name":"wp","href":"https:\/\/api.w.org\/{rel}","templated":true}]}}