{"id":15106,"date":"2025-10-27T11:13:45","date_gmt":"2025-10-27T11:13:45","guid":{"rendered":"https:\/\/enlineabarcelona.com\/producto\/system\/"},"modified":"2026-02-02T15:23:58","modified_gmt":"2026-02-02T15:23:58","slug":"system","status":"publish","type":"product","link":"https:\/\/enlineabarcelona.com\/ca\/producto\/system\/","title":{"rendered":"SYSTEM"},"content":{"rendered":"<p>System \u00e9s m\u00e9s que una llibreria, com el seu nom indica \u00e9s un sistema format per muntants i prestatges amb el qual es pot crear la composici\u00f3 que imaginis. A m\u00e9s a aquests muntants i prestatges se&#8217;ls pot afegir posterior, portes batents o corredisses, calaixos, etc&#8230; Els acabats poden ser fusta o laca mat o lluentor a triar. Disponible en multitud de mesures per adaptar-se a cada espai, fins i tot ofereix la possibilitat de fer-la a mesura.<\/p>\n","protected":false},"excerpt":{"rendered":"<p>System \u00e9s m\u00e9s que una llibreria, com el seu nom indica \u00e9s un sistema format per muntants i prestatges amb el qual es pot crear la composici\u00f3 que imaginis. A m\u00e9s a aquests muntants i prestatges se&#8217;ls pot afegir posterior, portes batents o corredisses, calaixos, etc&#8230; Els acabats poden ser fusta o laca mat o &#8230; <a title=\"SYSTEM\" class=\"read-more\" href=\"https:\/\/enlineabarcelona.com\/ca\/producto\/system\/\" aria-label=\"M\u00e9s informaci\u00f3 sobre SYSTEM\">Llegiu m\u00e9s<\/a><\/p>\n","protected":false},"featured_media":5650,"comment_status":"closed","ping_status":"open","template":"","meta":{"_acf_changed":false},"product_cat":[1134,1345],"product_tag":[],"disenadores":[1811],"marca":[],"class_list":{"0":"post-15106","1":"product","2":"type-product","3":"status-publish","4":"has-post-thumbnail","6":"product_cat-mobiliari","7":"product_cat-prestatgeries","8":"disenadores-piero-lissoni","9":"sales-flash-overlay","10":"woocommerce-text-align-center","11":"woocommerce-image-align-center","12":"do-quantity-buttons","13":"wc-has-gallery","15":"first","16":"instock","17":"purchasable","18":"product-type-simple"},"acf":[],"_links":{"self":[{"href":"https:\/\/enlineabarcelona.com\/ca\/wp-json\/wp\/v2\/product\/15106","targetHints":{"allow":["GET"]}}],"collection":[{"href":"https:\/\/enlineabarcelona.com\/ca\/wp-json\/wp\/v2\/product"}],"about":[{"href":"https:\/\/enlineabarcelona.com\/ca\/wp-json\/wp\/v2\/types\/product"}],"replies":[{"embeddable":true,"href":"https:\/\/enlineabarcelona.com\/ca\/wp-json\/wp\/v2\/comments?post=15106"}],"wp:featuredmedia":[{"embeddable":true,"href":"https:\/\/enlineabarcelona.com\/ca\/wp-json\/wp\/v2\/media\/5650"}],"wp:attachment":[{"href":"https:\/\/enlineabarcelona.com\/ca\/wp-json\/wp\/v2\/media?parent=15106"}],"wp:term":[{"taxonomy":"product_cat","embeddable":true,"href":"https:\/\/enlineabarcelona.com\/ca\/wp-json\/wp\/v2\/product_cat?post=15106"},{"taxonomy":"product_tag","embeddable":true,"href":"https:\/\/enlineabarcelona.com\/ca\/wp-json\/wp\/v2\/product_tag?post=15106"},{"taxonomy":"disenadores","embeddable":true,"href":"https:\/\/enlineabarcelona.com\/ca\/wp-json\/wp\/v2\/disenadores?post=15106"},{"taxonomy":"marca","embeddable":true,"href":"https:\/\/enlineabarcelona.com\/ca\/wp-json\/wp\/v2\/marca?post=15106"}],"curies":[{"name":"wp","href":"https:\/\/api.w.org\/{rel}","templated":true}]}}