{"id":15111,"date":"2025-10-27T11:13:45","date_gmt":"2025-10-27T11:13:45","guid":{"rendered":"https:\/\/enlineabarcelona.com\/producto\/tufty-bed\/"},"modified":"2026-02-16T12:24:01","modified_gmt":"2026-02-16T12:24:01","slug":"tufty-bed","status":"publish","type":"product","link":"https:\/\/enlineabarcelona.com\/ca\/producto\/tufty-bed\/","title":{"rendered":"TUFTY BED"},"content":{"rendered":"<p>El llit Tufty bed, t\u00e9 un disseny s\u00f2lid i diferent, propi de la colecci\u00f3 tufty-estafi. La seva base gaireb\u00e9 toca al s\u00f2l, amb el que aquesta es pot aprofitar per a utilitzar-la de contendor per emmagatzemar. Totalment desenfundable. Disponible en tela o pell de la col\u00b7lecci\u00f3 de b&amp;b italia.<\/p>\n","protected":false},"excerpt":{"rendered":"<p>El llit Tufty bed, t\u00e9 un disseny s\u00f2lid i diferent, propi de la colecci\u00f3 tufty-estafi. La seva base gaireb\u00e9 toca al s\u00f2l, amb el que aquesta es pot aprofitar per a utilitzar-la de contendor per emmagatzemar. Totalment desenfundable. Disponible en tela o pell de la col\u00b7lecci\u00f3 de b&amp;b italia.<\/p>\n","protected":false},"featured_media":14628,"comment_status":"closed","ping_status":"open","template":"","meta":{"_acf_changed":false},"product_cat":[1135,1134],"product_tag":[],"disenadores":[1288],"marca":[1422],"class_list":{"0":"post-15111","1":"product","2":"type-product","3":"status-publish","4":"has-post-thumbnail","6":"product_cat-llits","7":"product_cat-mobiliari","8":"disenadores-patricia-urquiolapatricia-urquiola","9":"marca-bb-italia","10":"sales-flash-overlay","11":"woocommerce-text-align-center","12":"woocommerce-image-align-center","13":"do-quantity-buttons","14":"wc-has-gallery","16":"first","17":"instock","18":"purchasable","19":"product-type-simple"},"acf":[],"_links":{"self":[{"href":"https:\/\/enlineabarcelona.com\/ca\/wp-json\/wp\/v2\/product\/15111","targetHints":{"allow":["GET"]}}],"collection":[{"href":"https:\/\/enlineabarcelona.com\/ca\/wp-json\/wp\/v2\/product"}],"about":[{"href":"https:\/\/enlineabarcelona.com\/ca\/wp-json\/wp\/v2\/types\/product"}],"replies":[{"embeddable":true,"href":"https:\/\/enlineabarcelona.com\/ca\/wp-json\/wp\/v2\/comments?post=15111"}],"wp:featuredmedia":[{"embeddable":true,"href":"https:\/\/enlineabarcelona.com\/ca\/wp-json\/wp\/v2\/media\/14628"}],"wp:attachment":[{"href":"https:\/\/enlineabarcelona.com\/ca\/wp-json\/wp\/v2\/media?parent=15111"}],"wp:term":[{"taxonomy":"product_cat","embeddable":true,"href":"https:\/\/enlineabarcelona.com\/ca\/wp-json\/wp\/v2\/product_cat?post=15111"},{"taxonomy":"product_tag","embeddable":true,"href":"https:\/\/enlineabarcelona.com\/ca\/wp-json\/wp\/v2\/product_tag?post=15111"},{"taxonomy":"disenadores","embeddable":true,"href":"https:\/\/enlineabarcelona.com\/ca\/wp-json\/wp\/v2\/disenadores?post=15111"},{"taxonomy":"marca","embeddable":true,"href":"https:\/\/enlineabarcelona.com\/ca\/wp-json\/wp\/v2\/marca?post=15111"}],"curies":[{"name":"wp","href":"https:\/\/api.w.org\/{rel}","templated":true}]}}