{"id":15114,"date":"2025-10-27T11:13:45","date_gmt":"2025-10-27T11:13:45","guid":{"rendered":"https:\/\/enlineabarcelona.com\/producto\/talamo\/"},"modified":"2026-01-19T12:46:18","modified_gmt":"2026-01-19T12:46:18","slug":"talamo","status":"publish","type":"product","link":"https:\/\/enlineabarcelona.com\/ca\/producto\/talamo\/","title":{"rendered":"TALAMO"},"content":{"rendered":"<p>El llit model TALAMO \u00e9s un llit de l\u00ednies senzilles, molt semblant a les l\u00ednies del sof\u00e0 William. Amb potes d&#8217;alumini, acabat a triar. El matal\u00e0s descansa sobre una fina plataforma entapissada, en la qual s&#8217;uneix un cap\u00e7al tamb\u00e9 entapissat.<\/p>\n","protected":false},"excerpt":{"rendered":"<p>El llit model TALAMO \u00e9s un llit de l\u00ednies senzilles, molt semblant a les l\u00ednies del sof\u00e0 William. Amb potes d&#8217;alumini, acabat a triar. El matal\u00e0s descansa sobre una fina plataforma entapissada, en la qual s&#8217;uneix un cap\u00e7al tamb\u00e9 entapissat.<\/p>\n","protected":false},"featured_media":5829,"comment_status":"closed","ping_status":"open","template":"","meta":{"_acf_changed":false},"product_cat":[1135,1134],"product_tag":[],"disenadores":[1947],"marca":[],"class_list":{"0":"post-15114","1":"product","2":"type-product","3":"status-publish","4":"has-post-thumbnail","6":"product_cat-llits","7":"product_cat-mobiliari","8":"disenadores-damian-williamson","9":"sales-flash-overlay","10":"woocommerce-text-align-center","11":"woocommerce-image-align-center","12":"do-quantity-buttons","13":"wc-has-gallery","15":"first","16":"instock","17":"purchasable","18":"product-type-simple"},"acf":[],"_links":{"self":[{"href":"https:\/\/enlineabarcelona.com\/ca\/wp-json\/wp\/v2\/product\/15114","targetHints":{"allow":["GET"]}}],"collection":[{"href":"https:\/\/enlineabarcelona.com\/ca\/wp-json\/wp\/v2\/product"}],"about":[{"href":"https:\/\/enlineabarcelona.com\/ca\/wp-json\/wp\/v2\/types\/product"}],"replies":[{"embeddable":true,"href":"https:\/\/enlineabarcelona.com\/ca\/wp-json\/wp\/v2\/comments?post=15114"}],"wp:featuredmedia":[{"embeddable":true,"href":"https:\/\/enlineabarcelona.com\/ca\/wp-json\/wp\/v2\/media\/5829"}],"wp:attachment":[{"href":"https:\/\/enlineabarcelona.com\/ca\/wp-json\/wp\/v2\/media?parent=15114"}],"wp:term":[{"taxonomy":"product_cat","embeddable":true,"href":"https:\/\/enlineabarcelona.com\/ca\/wp-json\/wp\/v2\/product_cat?post=15114"},{"taxonomy":"product_tag","embeddable":true,"href":"https:\/\/enlineabarcelona.com\/ca\/wp-json\/wp\/v2\/product_tag?post=15114"},{"taxonomy":"disenadores","embeddable":true,"href":"https:\/\/enlineabarcelona.com\/ca\/wp-json\/wp\/v2\/disenadores?post=15114"},{"taxonomy":"marca","embeddable":true,"href":"https:\/\/enlineabarcelona.com\/ca\/wp-json\/wp\/v2\/marca?post=15114"}],"curies":[{"name":"wp","href":"https:\/\/api.w.org\/{rel}","templated":true}]}}