{"id":15116,"date":"2025-10-27T11:13:45","date_gmt":"2025-10-27T11:13:45","guid":{"rendered":"https:\/\/enlineabarcelona.com\/producto\/makura\/"},"modified":"2026-02-02T15:23:59","modified_gmt":"2026-02-02T15:23:59","slug":"makura","status":"publish","type":"product","link":"https:\/\/enlineabarcelona.com\/ca\/producto\/makura\/","title":{"rendered":"MAKURA"},"content":{"rendered":"<p>El llit model MAKURA queda visualment suspes del terra. Gr\u00e0cies als seus dos coixins en el cap\u00e7al, ens ofereix una sensaci\u00f3 de calidesa i comidad. \u00c9s completament desenfundable i est\u00e0 disponible en diverses mesures i acabats.<\/p>\n","protected":false},"excerpt":{"rendered":"<p>El llit model MAKURA queda visualment suspes del terra. Gr\u00e0cies als seus dos coixins en el cap\u00e7al, ens ofereix una sensaci\u00f3 de calidesa i comidad. \u00c9s completament desenfundable i est\u00e0 disponible en diverses mesures i acabats.<\/p>\n","protected":false},"featured_media":5867,"comment_status":"closed","ping_status":"open","template":"","meta":{"_acf_changed":false},"product_cat":[1135,1134],"product_tag":[],"disenadores":[1811],"marca":[],"class_list":{"0":"post-15116","1":"product","2":"type-product","3":"status-publish","4":"has-post-thumbnail","6":"product_cat-llits","7":"product_cat-mobiliari","8":"disenadores-piero-lissoni","9":"sales-flash-overlay","10":"woocommerce-text-align-center","11":"woocommerce-image-align-center","12":"do-quantity-buttons","13":"wc-has-gallery","15":"first","16":"instock","17":"purchasable","18":"product-type-simple"},"acf":[],"_links":{"self":[{"href":"https:\/\/enlineabarcelona.com\/ca\/wp-json\/wp\/v2\/product\/15116","targetHints":{"allow":["GET"]}}],"collection":[{"href":"https:\/\/enlineabarcelona.com\/ca\/wp-json\/wp\/v2\/product"}],"about":[{"href":"https:\/\/enlineabarcelona.com\/ca\/wp-json\/wp\/v2\/types\/product"}],"replies":[{"embeddable":true,"href":"https:\/\/enlineabarcelona.com\/ca\/wp-json\/wp\/v2\/comments?post=15116"}],"wp:featuredmedia":[{"embeddable":true,"href":"https:\/\/enlineabarcelona.com\/ca\/wp-json\/wp\/v2\/media\/5867"}],"wp:attachment":[{"href":"https:\/\/enlineabarcelona.com\/ca\/wp-json\/wp\/v2\/media?parent=15116"}],"wp:term":[{"taxonomy":"product_cat","embeddable":true,"href":"https:\/\/enlineabarcelona.com\/ca\/wp-json\/wp\/v2\/product_cat?post=15116"},{"taxonomy":"product_tag","embeddable":true,"href":"https:\/\/enlineabarcelona.com\/ca\/wp-json\/wp\/v2\/product_tag?post=15116"},{"taxonomy":"disenadores","embeddable":true,"href":"https:\/\/enlineabarcelona.com\/ca\/wp-json\/wp\/v2\/disenadores?post=15116"},{"taxonomy":"marca","embeddable":true,"href":"https:\/\/enlineabarcelona.com\/ca\/wp-json\/wp\/v2\/marca?post=15116"}],"curies":[{"name":"wp","href":"https:\/\/api.w.org\/{rel}","templated":true}]}}