{"id":15117,"date":"2025-10-27T11:13:45","date_gmt":"2025-10-27T11:13:45","guid":{"rendered":"https:\/\/enlineabarcelona.com\/producto\/smithfield\/"},"modified":"2025-10-27T15:45:25","modified_gmt":"2025-10-27T15:45:25","slug":"smithfield","status":"publish","type":"product","link":"https:\/\/enlineabarcelona.com\/ca\/producto\/smithfield\/","title":{"rendered":"SMITHFIELD"},"content":{"rendered":"<p>Llum de suspensi\u00f3. De llum directa. Estructura d&#8217;alumini acabat en diversos colors a triar. Pantalla de metacrilat opal\u00ed. Cable de suspensi\u00f3 d&#8217;acer. Cable d&#8217;el\u00e8ctric de 270 cms. Pot ser regulable en intensitat.<\/p>\n","protected":false},"excerpt":{"rendered":"<p>Llum de suspensi\u00f3. De llum directa. Estructura d&#8217;alumini acabat en diversos colors a triar. Pantalla de metacrilat opal\u00ed. Cable de suspensi\u00f3 d&#8217;acer. Cable d&#8217;el\u00e8ctric de 270 cms. Pot ser regulable en intensitat.<\/p>\n","protected":false},"featured_media":5892,"comment_status":"closed","ping_status":"open","template":"","meta":{"_acf_changed":false},"product_cat":[1357],"product_tag":[],"disenadores":[1320],"marca":[],"class_list":{"0":"post-15117","1":"product","2":"type-product","3":"status-publish","4":"has-post-thumbnail","6":"product_cat-illuminacio","7":"disenadores-jasper-morrisonjasper-morrison","8":"sales-flash-overlay","9":"woocommerce-text-align-center","10":"woocommerce-image-align-center","11":"do-quantity-buttons","12":"wc-has-gallery","14":"first","15":"instock","16":"purchasable","17":"product-type-simple"},"acf":[],"_links":{"self":[{"href":"https:\/\/enlineabarcelona.com\/ca\/wp-json\/wp\/v2\/product\/15117","targetHints":{"allow":["GET"]}}],"collection":[{"href":"https:\/\/enlineabarcelona.com\/ca\/wp-json\/wp\/v2\/product"}],"about":[{"href":"https:\/\/enlineabarcelona.com\/ca\/wp-json\/wp\/v2\/types\/product"}],"replies":[{"embeddable":true,"href":"https:\/\/enlineabarcelona.com\/ca\/wp-json\/wp\/v2\/comments?post=15117"}],"wp:featuredmedia":[{"embeddable":true,"href":"https:\/\/enlineabarcelona.com\/ca\/wp-json\/wp\/v2\/media\/5892"}],"wp:attachment":[{"href":"https:\/\/enlineabarcelona.com\/ca\/wp-json\/wp\/v2\/media?parent=15117"}],"wp:term":[{"taxonomy":"product_cat","embeddable":true,"href":"https:\/\/enlineabarcelona.com\/ca\/wp-json\/wp\/v2\/product_cat?post=15117"},{"taxonomy":"product_tag","embeddable":true,"href":"https:\/\/enlineabarcelona.com\/ca\/wp-json\/wp\/v2\/product_tag?post=15117"},{"taxonomy":"disenadores","embeddable":true,"href":"https:\/\/enlineabarcelona.com\/ca\/wp-json\/wp\/v2\/disenadores?post=15117"},{"taxonomy":"marca","embeddable":true,"href":"https:\/\/enlineabarcelona.com\/ca\/wp-json\/wp\/v2\/marca?post=15117"}],"curies":[{"name":"wp","href":"https:\/\/api.w.org\/{rel}","templated":true}]}}