{"id":15120,"date":"2025-10-27T11:13:45","date_gmt":"2025-10-27T11:13:45","guid":{"rendered":"https:\/\/enlineabarcelona.com\/producto\/njp\/"},"modified":"2026-02-02T15:16:13","modified_gmt":"2026-02-02T15:16:13","slug":"njp","status":"publish","type":"product","link":"https:\/\/enlineabarcelona.com\/ca\/producto\/njp\/","title":{"rendered":"NJP"},"content":{"rendered":"<p>Llum de sobretaula. Llum directa i difusa. El seu cap\u00e7al est\u00e0 dissenyat per a donar forma a la llum i dirigir-la de manera \u00f2ptima. El seu sistema de moviment ens permet posicionar-la de forma personalitzada f\u00e0cilment. \u00c9s reguable en intensitat. Font de llum LED de baix consum.<\/p>\n","protected":false},"excerpt":{"rendered":"<p>Llum de sobretaula. Llum directa i difusa. El seu cap\u00e7al est\u00e0 dissenyat per a donar forma a la llum i dirigir-la de manera \u00f2ptima. El seu sistema de moviment ens permet posicionar-la de forma personalitzada f\u00e0cilment. \u00c9s reguable en intensitat. Font de llum LED de baix consum.<\/p>\n","protected":false},"featured_media":5973,"comment_status":"closed","ping_status":"open","template":"","meta":{"_acf_changed":false},"product_cat":[1357],"product_tag":[],"disenadores":[1960],"marca":[1360],"class_list":{"0":"post-15120","1":"product","2":"type-product","3":"status-publish","4":"has-post-thumbnail","6":"product_cat-illuminacio","7":"disenadores-nendo","8":"marca-louis-poulsenlouis-poulsen","9":"sales-flash-overlay","10":"woocommerce-text-align-center","11":"woocommerce-image-align-center","12":"do-quantity-buttons","13":"wc-has-gallery","15":"first","16":"instock","17":"purchasable","18":"product-type-simple"},"acf":[],"_links":{"self":[{"href":"https:\/\/enlineabarcelona.com\/ca\/wp-json\/wp\/v2\/product\/15120","targetHints":{"allow":["GET"]}}],"collection":[{"href":"https:\/\/enlineabarcelona.com\/ca\/wp-json\/wp\/v2\/product"}],"about":[{"href":"https:\/\/enlineabarcelona.com\/ca\/wp-json\/wp\/v2\/types\/product"}],"replies":[{"embeddable":true,"href":"https:\/\/enlineabarcelona.com\/ca\/wp-json\/wp\/v2\/comments?post=15120"}],"wp:featuredmedia":[{"embeddable":true,"href":"https:\/\/enlineabarcelona.com\/ca\/wp-json\/wp\/v2\/media\/5973"}],"wp:attachment":[{"href":"https:\/\/enlineabarcelona.com\/ca\/wp-json\/wp\/v2\/media?parent=15120"}],"wp:term":[{"taxonomy":"product_cat","embeddable":true,"href":"https:\/\/enlineabarcelona.com\/ca\/wp-json\/wp\/v2\/product_cat?post=15120"},{"taxonomy":"product_tag","embeddable":true,"href":"https:\/\/enlineabarcelona.com\/ca\/wp-json\/wp\/v2\/product_tag?post=15120"},{"taxonomy":"disenadores","embeddable":true,"href":"https:\/\/enlineabarcelona.com\/ca\/wp-json\/wp\/v2\/disenadores?post=15120"},{"taxonomy":"marca","embeddable":true,"href":"https:\/\/enlineabarcelona.com\/ca\/wp-json\/wp\/v2\/marca?post=15120"}],"curies":[{"name":"wp","href":"https:\/\/api.w.org\/{rel}","templated":true}]}}