{"id":15123,"date":"2025-10-27T11:13:45","date_gmt":"2025-10-27T11:13:45","guid":{"rendered":"https:\/\/enlineabarcelona.com\/producto\/modelo-2065\/"},"modified":"2025-10-27T15:45:32","modified_gmt":"2025-10-27T15:45:32","slug":"modelo-2065","status":"publish","type":"product","link":"https:\/\/enlineabarcelona.com\/ca\/producto\/modelo-2065\/","title":{"rendered":"MODELO 2065"},"content":{"rendered":"<p>Llum de suspensi\u00f3. De llum difusa. Tija d&#8217;alumini pintat en negre. Difusor de metacrilat opal\u00ed en forma de platet. La seva est\u00e8tica reflecteix l&#8217;eleg\u00e0ncia i la lleugeresa del llum.<\/p>\n","protected":false},"excerpt":{"rendered":"<p>Llum de suspensi\u00f3. De llum difusa. Tija d&#8217;alumini pintat en negre. Difusor de metacrilat opal\u00ed en forma de platet. La seva est\u00e8tica reflecteix l&#8217;eleg\u00e0ncia i la lleugeresa del llum.<\/p>\n","protected":false},"featured_media":6033,"comment_status":"closed","ping_status":"open","template":"","meta":{"_acf_changed":false},"product_cat":[1357],"product_tag":[],"disenadores":[1365],"marca":[1984],"class_list":{"0":"post-15123","1":"product","2":"type-product","3":"status-publish","4":"has-post-thumbnail","6":"product_cat-illuminacio","7":"disenadores-gino-sarfattigino-sarfatti","8":"marca-astep","9":"sales-flash-overlay","10":"woocommerce-text-align-center","11":"woocommerce-image-align-center","12":"do-quantity-buttons","13":"wc-has-gallery","15":"first","16":"instock","17":"purchasable","18":"product-type-simple"},"acf":[],"_links":{"self":[{"href":"https:\/\/enlineabarcelona.com\/ca\/wp-json\/wp\/v2\/product\/15123","targetHints":{"allow":["GET"]}}],"collection":[{"href":"https:\/\/enlineabarcelona.com\/ca\/wp-json\/wp\/v2\/product"}],"about":[{"href":"https:\/\/enlineabarcelona.com\/ca\/wp-json\/wp\/v2\/types\/product"}],"replies":[{"embeddable":true,"href":"https:\/\/enlineabarcelona.com\/ca\/wp-json\/wp\/v2\/comments?post=15123"}],"wp:featuredmedia":[{"embeddable":true,"href":"https:\/\/enlineabarcelona.com\/ca\/wp-json\/wp\/v2\/media\/6033"}],"wp:attachment":[{"href":"https:\/\/enlineabarcelona.com\/ca\/wp-json\/wp\/v2\/media?parent=15123"}],"wp:term":[{"taxonomy":"product_cat","embeddable":true,"href":"https:\/\/enlineabarcelona.com\/ca\/wp-json\/wp\/v2\/product_cat?post=15123"},{"taxonomy":"product_tag","embeddable":true,"href":"https:\/\/enlineabarcelona.com\/ca\/wp-json\/wp\/v2\/product_tag?post=15123"},{"taxonomy":"disenadores","embeddable":true,"href":"https:\/\/enlineabarcelona.com\/ca\/wp-json\/wp\/v2\/disenadores?post=15123"},{"taxonomy":"marca","embeddable":true,"href":"https:\/\/enlineabarcelona.com\/ca\/wp-json\/wp\/v2\/marca?post=15123"}],"curies":[{"name":"wp","href":"https:\/\/api.w.org\/{rel}","templated":true}]}}