{"id":15135,"date":"2025-10-27T11:15:00","date_gmt":"2025-10-27T11:15:00","guid":{"rendered":"https:\/\/enlineabarcelona.com\/producto\/panthella\/"},"modified":"2025-10-27T15:45:48","modified_gmt":"2025-10-27T15:45:48","slug":"panthella","status":"publish","type":"product","link":"https:\/\/enlineabarcelona.com\/ca\/producto\/panthella\/","title":{"rendered":"PANTHELLA"},"content":{"rendered":"<p>Llum de peu. \u00c9s un dels dissenys m\u00e9s emblem\u00e0tics del seu dissenyador, Verner Panton. El seu disseny buscava que la llum es reflex\u00e9s tant per la pantalla com pel peu, creant aix\u00ed una llum ambiental molt suau i difusa.<\/p>\n","protected":false},"excerpt":{"rendered":"<p>Llum de peu. \u00c9s un dels dissenys m\u00e9s emblem\u00e0tics del seu dissenyador, Verner Panton. El seu disseny buscava que la llum es reflex\u00e9s tant per la pantalla com pel peu, creant aix\u00ed una llum ambiental molt suau i difusa.<\/p>\n","protected":false},"featured_media":14682,"comment_status":"closed","ping_status":"open","template":"","meta":{"_acf_changed":false},"product_cat":[1357],"product_tag":[],"disenadores":[1372],"marca":[1360],"class_list":{"0":"post-15135","1":"product","2":"type-product","3":"status-publish","4":"has-post-thumbnail","6":"product_cat-illuminacio","7":"disenadores-verner-pantonverner-panton","8":"marca-louis-poulsenlouis-poulsen","9":"sales-flash-overlay","10":"woocommerce-text-align-center","11":"woocommerce-image-align-center","12":"do-quantity-buttons","13":"wc-has-gallery","15":"first","16":"instock","17":"purchasable","18":"product-type-simple"},"acf":[],"_links":{"self":[{"href":"https:\/\/enlineabarcelona.com\/ca\/wp-json\/wp\/v2\/product\/15135","targetHints":{"allow":["GET"]}}],"collection":[{"href":"https:\/\/enlineabarcelona.com\/ca\/wp-json\/wp\/v2\/product"}],"about":[{"href":"https:\/\/enlineabarcelona.com\/ca\/wp-json\/wp\/v2\/types\/product"}],"replies":[{"embeddable":true,"href":"https:\/\/enlineabarcelona.com\/ca\/wp-json\/wp\/v2\/comments?post=15135"}],"wp:featuredmedia":[{"embeddable":true,"href":"https:\/\/enlineabarcelona.com\/ca\/wp-json\/wp\/v2\/media\/14682"}],"wp:attachment":[{"href":"https:\/\/enlineabarcelona.com\/ca\/wp-json\/wp\/v2\/media?parent=15135"}],"wp:term":[{"taxonomy":"product_cat","embeddable":true,"href":"https:\/\/enlineabarcelona.com\/ca\/wp-json\/wp\/v2\/product_cat?post=15135"},{"taxonomy":"product_tag","embeddable":true,"href":"https:\/\/enlineabarcelona.com\/ca\/wp-json\/wp\/v2\/product_tag?post=15135"},{"taxonomy":"disenadores","embeddable":true,"href":"https:\/\/enlineabarcelona.com\/ca\/wp-json\/wp\/v2\/disenadores?post=15135"},{"taxonomy":"marca","embeddable":true,"href":"https:\/\/enlineabarcelona.com\/ca\/wp-json\/wp\/v2\/marca?post=15135"}],"curies":[{"name":"wp","href":"https:\/\/api.w.org\/{rel}","templated":true}]}}