{"id":15137,"date":"2025-10-27T11:15:00","date_gmt":"2025-10-27T11:15:00","guid":{"rendered":"https:\/\/enlineabarcelona.com\/producto\/disa\/"},"modified":"2025-10-27T15:45:50","modified_gmt":"2025-10-27T15:45:50","slug":"disa","status":"publish","type":"product","link":"https:\/\/enlineabarcelona.com\/ca\/producto\/disa\/","title":{"rendered":"DISA"},"content":{"rendered":"<p>Llum de suspensi\u00f3. De llum difusa. Pantalla composta per fines l\u00e0mines de fusta o metacrilat opal corbades, que donen la forma tan caracter\u00edstica d&#8217;aquest llum i genera una llum que crea un ambient d&#8217;intimitat. Font de llum led integrat.<\/p>\n","protected":false},"excerpt":{"rendered":"<p>Llum de suspensi\u00f3. De llum difusa. Pantalla composta per fines l\u00e0mines de fusta o metacrilat opal corbades, que donen la forma tan caracter\u00edstica d&#8217;aquest llum i genera una llum que crea un ambient d&#8217;intimitat. Font de llum led integrat.<\/p>\n","protected":false},"featured_media":14687,"comment_status":"closed","ping_status":"open","template":"","meta":{"_acf_changed":false},"product_cat":[1357],"product_tag":[],"disenadores":[1373],"marca":[1374],"class_list":{"0":"post-15137","1":"product","2":"type-product","3":"status-publish","4":"has-post-thumbnail","6":"product_cat-illuminacio","7":"disenadores-j-a-coderchj-a-coderch","8":"marca-tundstunds","9":"sales-flash-overlay","10":"woocommerce-text-align-center","11":"woocommerce-image-align-center","12":"do-quantity-buttons","13":"wc-has-gallery","15":"first","16":"instock","17":"purchasable","18":"product-type-simple"},"acf":[],"_links":{"self":[{"href":"https:\/\/enlineabarcelona.com\/ca\/wp-json\/wp\/v2\/product\/15137","targetHints":{"allow":["GET"]}}],"collection":[{"href":"https:\/\/enlineabarcelona.com\/ca\/wp-json\/wp\/v2\/product"}],"about":[{"href":"https:\/\/enlineabarcelona.com\/ca\/wp-json\/wp\/v2\/types\/product"}],"replies":[{"embeddable":true,"href":"https:\/\/enlineabarcelona.com\/ca\/wp-json\/wp\/v2\/comments?post=15137"}],"wp:featuredmedia":[{"embeddable":true,"href":"https:\/\/enlineabarcelona.com\/ca\/wp-json\/wp\/v2\/media\/14687"}],"wp:attachment":[{"href":"https:\/\/enlineabarcelona.com\/ca\/wp-json\/wp\/v2\/media?parent=15137"}],"wp:term":[{"taxonomy":"product_cat","embeddable":true,"href":"https:\/\/enlineabarcelona.com\/ca\/wp-json\/wp\/v2\/product_cat?post=15137"},{"taxonomy":"product_tag","embeddable":true,"href":"https:\/\/enlineabarcelona.com\/ca\/wp-json\/wp\/v2\/product_tag?post=15137"},{"taxonomy":"disenadores","embeddable":true,"href":"https:\/\/enlineabarcelona.com\/ca\/wp-json\/wp\/v2\/disenadores?post=15137"},{"taxonomy":"marca","embeddable":true,"href":"https:\/\/enlineabarcelona.com\/ca\/wp-json\/wp\/v2\/marca?post=15137"}],"curies":[{"name":"wp","href":"https:\/\/api.w.org\/{rel}","templated":true}]}}