{"id":15138,"date":"2025-10-27T11:15:00","date_gmt":"2025-10-27T11:15:00","guid":{"rendered":"https:\/\/enlineabarcelona.com\/producto\/modern\/"},"modified":"2026-02-02T15:23:58","modified_gmt":"2026-02-02T15:23:58","slug":"modern","status":"publish","type":"product","link":"https:\/\/enlineabarcelona.com\/ca\/producto\/modern\/","title":{"rendered":"MODERN"},"content":{"rendered":"<p>Modern \u00e9s un sistema de caixes, la idea \u00e9s senzilla per\u00f2 molt practica. El joc d&#8217;aquestes formes geom\u00e8triques de difertes mesures, fa que es puguin crear desde composicions molt senzilles fins a composicions molt complexes i originals. En aix\u00f2 tamb\u00e9 interv\u00e9 la gama completa d&#8217;acabats que es poden triar: tot tipus de colors de laca i fusta de la coleccion de Porro. A m\u00e9s \u00e9s un sistema molt vers\u00e0til, apte tant per a contract com a llar. Dins de llar es pot adaptar a cadascuna de les estan\u00e7a: menjador, cuina, sala d&#8217;estar, bany, domritorios&#8230;<\/p>\n","protected":false},"excerpt":{"rendered":"<p>Modern \u00e9s un sistema de caixes, la idea \u00e9s senzilla per\u00f2 molt practica. El joc d&#8217;aquestes formes geom\u00e8triques de difertes mesures, fa que es puguin crear desde composicions molt senzilles fins a composicions molt complexes i originals. En aix\u00f2 tamb\u00e9 interv\u00e9 la gama completa d&#8217;acabats que es poden triar: tot tipus de colors de laca &#8230; <a title=\"MODERN\" class=\"read-more\" href=\"https:\/\/enlineabarcelona.com\/ca\/producto\/modern\/\" aria-label=\"M\u00e9s informaci\u00f3 sobre MODERN\">Llegiu m\u00e9s<\/a><\/p>\n","protected":false},"featured_media":6363,"comment_status":"closed","ping_status":"open","template":"","meta":{"_acf_changed":false},"product_cat":[1375,1134],"product_tag":[],"disenadores":[1811],"marca":[],"class_list":{"0":"post-15138","1":"product","2":"type-product","3":"status-publish","4":"has-post-thumbnail","6":"product_cat-emmagatzematgehome-office","7":"product_cat-mobiliari","8":"disenadores-piero-lissoni","9":"sales-flash-overlay","10":"woocommerce-text-align-center","11":"woocommerce-image-align-center","12":"do-quantity-buttons","13":"wc-has-gallery","15":"first","16":"instock","17":"product-type-simple"},"acf":[],"_links":{"self":[{"href":"https:\/\/enlineabarcelona.com\/ca\/wp-json\/wp\/v2\/product\/15138","targetHints":{"allow":["GET"]}}],"collection":[{"href":"https:\/\/enlineabarcelona.com\/ca\/wp-json\/wp\/v2\/product"}],"about":[{"href":"https:\/\/enlineabarcelona.com\/ca\/wp-json\/wp\/v2\/types\/product"}],"replies":[{"embeddable":true,"href":"https:\/\/enlineabarcelona.com\/ca\/wp-json\/wp\/v2\/comments?post=15138"}],"wp:featuredmedia":[{"embeddable":true,"href":"https:\/\/enlineabarcelona.com\/ca\/wp-json\/wp\/v2\/media\/6363"}],"wp:attachment":[{"href":"https:\/\/enlineabarcelona.com\/ca\/wp-json\/wp\/v2\/media?parent=15138"}],"wp:term":[{"taxonomy":"product_cat","embeddable":true,"href":"https:\/\/enlineabarcelona.com\/ca\/wp-json\/wp\/v2\/product_cat?post=15138"},{"taxonomy":"product_tag","embeddable":true,"href":"https:\/\/enlineabarcelona.com\/ca\/wp-json\/wp\/v2\/product_tag?post=15138"},{"taxonomy":"disenadores","embeddable":true,"href":"https:\/\/enlineabarcelona.com\/ca\/wp-json\/wp\/v2\/disenadores?post=15138"},{"taxonomy":"marca","embeddable":true,"href":"https:\/\/enlineabarcelona.com\/ca\/wp-json\/wp\/v2\/marca?post=15138"}],"curies":[{"name":"wp","href":"https:\/\/api.w.org\/{rel}","templated":true}]}}