{"id":15139,"date":"2025-10-27T11:15:00","date_gmt":"2025-10-27T11:15:00","guid":{"rendered":"https:\/\/enlineabarcelona.com\/producto\/web\/"},"modified":"2026-02-02T15:23:58","modified_gmt":"2026-02-02T15:23:58","slug":"web","status":"publish","type":"product","link":"https:\/\/enlineabarcelona.com\/ca\/producto\/web\/","title":{"rendered":"WEB"},"content":{"rendered":"<p>Web \u00e9s una superf\u00edcie de suport. Pot servir d&#8217;escriptori, de superf\u00edcie per a donar suport a la tv, com molts altres usos. T\u00e9 diversos accessoris per a complementar el seu \u00fas i ademas t\u00e9 diferents acabats.<\/p>\n","protected":false},"excerpt":{"rendered":"<p>Web \u00e9s una superf\u00edcie de suport. Pot servir d&#8217;escriptori, de superf\u00edcie per a donar suport a la tv, com molts altres usos. T\u00e9 diversos accessoris per a complementar el seu \u00fas i ademas t\u00e9 diferents acabats.<\/p>\n","protected":false},"featured_media":6382,"comment_status":"closed","ping_status":"open","template":"","meta":{"_acf_changed":false},"product_cat":[1376,1377],"product_tag":[],"disenadores":[1811],"marca":[],"class_list":{"0":"post-15139","1":"product","2":"type-product","3":"status-publish","4":"has-post-thumbnail","6":"product_cat-home-officemobiliari","7":"product_cat-taules","8":"disenadores-piero-lissoni","9":"sales-flash-overlay","10":"woocommerce-text-align-center","11":"woocommerce-image-align-center","12":"do-quantity-buttons","13":"wc-has-gallery","15":"first","16":"instock","17":"product-type-simple"},"acf":[],"_links":{"self":[{"href":"https:\/\/enlineabarcelona.com\/ca\/wp-json\/wp\/v2\/product\/15139","targetHints":{"allow":["GET"]}}],"collection":[{"href":"https:\/\/enlineabarcelona.com\/ca\/wp-json\/wp\/v2\/product"}],"about":[{"href":"https:\/\/enlineabarcelona.com\/ca\/wp-json\/wp\/v2\/types\/product"}],"replies":[{"embeddable":true,"href":"https:\/\/enlineabarcelona.com\/ca\/wp-json\/wp\/v2\/comments?post=15139"}],"wp:featuredmedia":[{"embeddable":true,"href":"https:\/\/enlineabarcelona.com\/ca\/wp-json\/wp\/v2\/media\/6382"}],"wp:attachment":[{"href":"https:\/\/enlineabarcelona.com\/ca\/wp-json\/wp\/v2\/media?parent=15139"}],"wp:term":[{"taxonomy":"product_cat","embeddable":true,"href":"https:\/\/enlineabarcelona.com\/ca\/wp-json\/wp\/v2\/product_cat?post=15139"},{"taxonomy":"product_tag","embeddable":true,"href":"https:\/\/enlineabarcelona.com\/ca\/wp-json\/wp\/v2\/product_tag?post=15139"},{"taxonomy":"disenadores","embeddable":true,"href":"https:\/\/enlineabarcelona.com\/ca\/wp-json\/wp\/v2\/disenadores?post=15139"},{"taxonomy":"marca","embeddable":true,"href":"https:\/\/enlineabarcelona.com\/ca\/wp-json\/wp\/v2\/marca?post=15139"}],"curies":[{"name":"wp","href":"https:\/\/api.w.org\/{rel}","templated":true}]}}