{"id":15140,"date":"2025-10-27T11:15:00","date_gmt":"2025-10-27T11:15:00","guid":{"rendered":"https:\/\/enlineabarcelona.com\/producto\/usm-haller\/"},"modified":"2025-10-27T15:45:53","modified_gmt":"2025-10-27T15:45:53","slug":"usm-haller","status":"publish","type":"product","link":"https:\/\/enlineabarcelona.com\/ca\/producto\/usm-haller\/","title":{"rendered":"USM HALLER"},"content":{"rendered":"<p>Sistema modular amb infinites possibilitats de configuraci\u00f3. Amb un estil atemporal, \u00e9s una icona del disseny modern. La seva composici\u00f3 a partir d&#8217;una esfera i tubs connectors, fa que es pugui crear la comosici\u00f3n que millor es s&#8217;adapti a les teves necessitats, gr\u00e0cies a la seva \u00e0mplia gamma de mesures i colors, aix\u00ed com accessoris.<\/p>\n","protected":false},"excerpt":{"rendered":"<p>Sistema modular amb infinites possibilitats de configuraci\u00f3. Amb un estil atemporal, \u00e9s una icona del disseny modern. La seva composici\u00f3 a partir d&#8217;una esfera i tubs connectors, fa que es pugui crear la comosici\u00f3n que millor es s&#8217;adapti a les teves necessitats, gr\u00e0cies a la seva \u00e0mplia gamma de mesures i colors, aix\u00ed com accessoris.<\/p>\n","protected":false},"featured_media":6401,"comment_status":"closed","ping_status":"open","template":"","meta":{"_acf_changed":false},"product_cat":[318],"product_tag":[],"disenadores":[1837],"marca":[],"class_list":{"0":"post-15140","1":"product","2":"type-product","3":"status-publish","4":"has-post-thumbnail","6":"product_cat-home-office","7":"disenadores-paul-schaerer-fritz-haller-ca","8":"sales-flash-overlay","9":"woocommerce-text-align-center","10":"woocommerce-image-align-center","11":"do-quantity-buttons","12":"wc-has-gallery","14":"first","15":"instock","16":"product-type-simple"},"acf":[],"_links":{"self":[{"href":"https:\/\/enlineabarcelona.com\/ca\/wp-json\/wp\/v2\/product\/15140","targetHints":{"allow":["GET"]}}],"collection":[{"href":"https:\/\/enlineabarcelona.com\/ca\/wp-json\/wp\/v2\/product"}],"about":[{"href":"https:\/\/enlineabarcelona.com\/ca\/wp-json\/wp\/v2\/types\/product"}],"replies":[{"embeddable":true,"href":"https:\/\/enlineabarcelona.com\/ca\/wp-json\/wp\/v2\/comments?post=15140"}],"wp:featuredmedia":[{"embeddable":true,"href":"https:\/\/enlineabarcelona.com\/ca\/wp-json\/wp\/v2\/media\/6401"}],"wp:attachment":[{"href":"https:\/\/enlineabarcelona.com\/ca\/wp-json\/wp\/v2\/media?parent=15140"}],"wp:term":[{"taxonomy":"product_cat","embeddable":true,"href":"https:\/\/enlineabarcelona.com\/ca\/wp-json\/wp\/v2\/product_cat?post=15140"},{"taxonomy":"product_tag","embeddable":true,"href":"https:\/\/enlineabarcelona.com\/ca\/wp-json\/wp\/v2\/product_tag?post=15140"},{"taxonomy":"disenadores","embeddable":true,"href":"https:\/\/enlineabarcelona.com\/ca\/wp-json\/wp\/v2\/disenadores?post=15140"},{"taxonomy":"marca","embeddable":true,"href":"https:\/\/enlineabarcelona.com\/ca\/wp-json\/wp\/v2\/marca?post=15140"}],"curies":[{"name":"wp","href":"https:\/\/api.w.org\/{rel}","templated":true}]}}