{"id":15163,"date":"2025-10-27T11:15:22","date_gmt":"2025-10-27T11:15:22","guid":{"rendered":"https:\/\/enlineabarcelona.com\/producto\/harp-silla\/"},"modified":"2026-03-23T15:41:43","modified_gmt":"2026-03-23T15:41:43","slug":"harp-silla","status":"publish","type":"product","link":"https:\/\/enlineabarcelona.com\/ca\/producto\/harp-silla\/","title":{"rendered":"HARP SILLA"},"content":{"rendered":"<p>La col\u00b7lecci\u00f3 HARP \u00e9s l&#8217;exaltaci\u00f3 de l&#8217;artesania que porta el disseny a l&#8217;exterior. L&#8217;estructura, d&#8217;acer inoxidable pintat per a exteriors, est\u00e0 feta a m\u00e0 i soldada, mentre que el cordatge, tamb\u00e9 fet a m\u00e0, \u00e9s de poli\u00e8ster de doble torsi\u00f3 o de fil acr\u00edlic amb acabat de cot\u00f3.<\/p>\n","protected":false},"excerpt":{"rendered":"<p>La col\u00b7lecci\u00f3 HARP \u00e9s l&#8217;exaltaci\u00f3 de l&#8217;artesania que porta el disseny a l&#8217;exterior. L&#8217;estructura, d&#8217;acer inoxidable pintat per a exteriors, est\u00e0 feta a m\u00e0 i soldada, mentre que el cordatge, tamb\u00e9 fet a m\u00e0, \u00e9s de poli\u00e8ster de doble torsi\u00f3 o de fil acr\u00edlic amb acabat de cot\u00f3.<\/p>\n","protected":false},"featured_media":14740,"comment_status":"closed","ping_status":"open","template":"","meta":{"_acf_changed":false},"product_cat":[1407,1405],"product_tag":[],"disenadores":[1356],"marca":[2046],"class_list":{"0":"post-15163","1":"product","2":"type-product","3":"status-publish","4":"has-post-thumbnail","6":"product_cat-cadiresoutlet","7":"product_cat-exterior","8":"disenadores-rodolfo-dordonirodolfo-dordoni","9":"marca-roda","10":"sales-flash-overlay","11":"woocommerce-text-align-center","12":"woocommerce-image-align-center","13":"do-quantity-buttons","14":"wc-has-gallery","16":"first","17":"instock","18":"purchasable","19":"product-type-simple"},"acf":[],"_links":{"self":[{"href":"https:\/\/enlineabarcelona.com\/ca\/wp-json\/wp\/v2\/product\/15163","targetHints":{"allow":["GET"]}}],"collection":[{"href":"https:\/\/enlineabarcelona.com\/ca\/wp-json\/wp\/v2\/product"}],"about":[{"href":"https:\/\/enlineabarcelona.com\/ca\/wp-json\/wp\/v2\/types\/product"}],"replies":[{"embeddable":true,"href":"https:\/\/enlineabarcelona.com\/ca\/wp-json\/wp\/v2\/comments?post=15163"}],"wp:featuredmedia":[{"embeddable":true,"href":"https:\/\/enlineabarcelona.com\/ca\/wp-json\/wp\/v2\/media\/14740"}],"wp:attachment":[{"href":"https:\/\/enlineabarcelona.com\/ca\/wp-json\/wp\/v2\/media?parent=15163"}],"wp:term":[{"taxonomy":"product_cat","embeddable":true,"href":"https:\/\/enlineabarcelona.com\/ca\/wp-json\/wp\/v2\/product_cat?post=15163"},{"taxonomy":"product_tag","embeddable":true,"href":"https:\/\/enlineabarcelona.com\/ca\/wp-json\/wp\/v2\/product_tag?post=15163"},{"taxonomy":"disenadores","embeddable":true,"href":"https:\/\/enlineabarcelona.com\/ca\/wp-json\/wp\/v2\/disenadores?post=15163"},{"taxonomy":"marca","embeddable":true,"href":"https:\/\/enlineabarcelona.com\/ca\/wp-json\/wp\/v2\/marca?post=15163"}],"curies":[{"name":"wp","href":"https:\/\/api.w.org\/{rel}","templated":true}]}}