{"id":15164,"date":"2025-10-27T11:15:22","date_gmt":"2025-10-27T11:15:22","guid":{"rendered":"https:\/\/enlineabarcelona.com\/producto\/orson\/"},"modified":"2026-03-23T15:41:43","modified_gmt":"2026-03-23T15:41:43","slug":"orson","status":"publish","type":"product","link":"https:\/\/enlineabarcelona.com\/ca\/producto\/orson\/","title":{"rendered":"ORSON"},"content":{"rendered":"<p>Tota una col\u00b7lecci\u00f3 de cadires d&#8217;exterior, butaques lounge i gandules en la qual es manifesta la perfecta combinaci\u00f3 de mobles de jard\u00ed de teca amb funcions cl\u00e0ssiques i formes contempor\u00e0nies. Aix\u00f2 \u00e9s ORSON, una col\u00b7lecci\u00f3 caracteritzada per les seves l\u00ednies harmonioses i sinuoses i pel seu excel\u00b7lent treball en fusta.<\/p>\n","protected":false},"excerpt":{"rendered":"<p>Tota una col\u00b7lecci\u00f3 de cadires d&#8217;exterior, butaques lounge i gandules en la qual es manifesta la perfecta combinaci\u00f3 de mobles de jard\u00ed de teca amb funcions cl\u00e0ssiques i formes contempor\u00e0nies. Aix\u00f2 \u00e9s ORSON, una col\u00b7lecci\u00f3 caracteritzada per les seves l\u00ednies harmonioses i sinuoses i pel seu excel\u00b7lent treball en fusta.<\/p>\n","protected":false},"featured_media":6823,"comment_status":"closed","ping_status":"open","template":"","meta":{"_acf_changed":false},"product_cat":[1406,1405],"product_tag":[],"disenadores":[1953],"marca":[2046],"class_list":{"0":"post-15164","1":"product","2":"type-product","3":"status-publish","4":"has-post-thumbnail","6":"product_cat-cadires","7":"product_cat-exterior","8":"disenadores-gordon-guillaumier","9":"marca-roda","10":"sales-flash-overlay","11":"woocommerce-text-align-center","12":"woocommerce-image-align-center","13":"do-quantity-buttons","14":"wc-has-gallery","16":"first","17":"instock","18":"purchasable","19":"product-type-simple"},"acf":[],"_links":{"self":[{"href":"https:\/\/enlineabarcelona.com\/ca\/wp-json\/wp\/v2\/product\/15164","targetHints":{"allow":["GET"]}}],"collection":[{"href":"https:\/\/enlineabarcelona.com\/ca\/wp-json\/wp\/v2\/product"}],"about":[{"href":"https:\/\/enlineabarcelona.com\/ca\/wp-json\/wp\/v2\/types\/product"}],"replies":[{"embeddable":true,"href":"https:\/\/enlineabarcelona.com\/ca\/wp-json\/wp\/v2\/comments?post=15164"}],"wp:featuredmedia":[{"embeddable":true,"href":"https:\/\/enlineabarcelona.com\/ca\/wp-json\/wp\/v2\/media\/6823"}],"wp:attachment":[{"href":"https:\/\/enlineabarcelona.com\/ca\/wp-json\/wp\/v2\/media?parent=15164"}],"wp:term":[{"taxonomy":"product_cat","embeddable":true,"href":"https:\/\/enlineabarcelona.com\/ca\/wp-json\/wp\/v2\/product_cat?post=15164"},{"taxonomy":"product_tag","embeddable":true,"href":"https:\/\/enlineabarcelona.com\/ca\/wp-json\/wp\/v2\/product_tag?post=15164"},{"taxonomy":"disenadores","embeddable":true,"href":"https:\/\/enlineabarcelona.com\/ca\/wp-json\/wp\/v2\/disenadores?post=15164"},{"taxonomy":"marca","embeddable":true,"href":"https:\/\/enlineabarcelona.com\/ca\/wp-json\/wp\/v2\/marca?post=15164"}],"curies":[{"name":"wp","href":"https:\/\/api.w.org\/{rel}","templated":true}]}}