{"id":15165,"date":"2025-10-27T11:15:41","date_gmt":"2025-10-27T11:15:41","guid":{"rendered":"https:\/\/enlineabarcelona.com\/producto\/network\/"},"modified":"2026-03-23T15:41:42","modified_gmt":"2026-03-23T15:41:42","slug":"network","status":"publish","type":"product","link":"https:\/\/enlineabarcelona.com\/ca\/producto\/network\/","title":{"rendered":"NETWORK"},"content":{"rendered":"<p>Les cadires i bancs de la col\u00b7lecci\u00f3 NETWORK es caracteritzen, sobretot, per la pres\u00e8ncia de la teca. El material triat per a aquesta elegant l\u00ednia de mobiliari d&#8217;exterior que ha representat i continua representant l&#8217;\u00e0nima i la hist\u00f2ria de RODA.<\/p>\n","protected":false},"excerpt":{"rendered":"<p>Les cadires i bancs de la col\u00b7lecci\u00f3 NETWORK es caracteritzen, sobretot, per la pres\u00e8ncia de la teca. El material triat per a aquesta elegant l\u00ednia de mobiliari d&#8217;exterior que ha representat i continua representant l&#8217;\u00e0nima i la hist\u00f2ria de RODA.<\/p>\n","protected":false},"featured_media":6863,"comment_status":"closed","ping_status":"open","template":"","meta":{"_acf_changed":false},"product_cat":[1406,1405],"product_tag":[],"disenadores":[1356],"marca":[2046],"class_list":{"0":"post-15165","1":"product","2":"type-product","3":"status-publish","4":"has-post-thumbnail","6":"product_cat-cadires","7":"product_cat-exterior","8":"disenadores-rodolfo-dordonirodolfo-dordoni","9":"marca-roda","10":"sales-flash-overlay","11":"woocommerce-text-align-center","12":"woocommerce-image-align-center","13":"do-quantity-buttons","14":"wc-has-gallery","16":"first","17":"instock","18":"purchasable","19":"product-type-simple"},"acf":[],"_links":{"self":[{"href":"https:\/\/enlineabarcelona.com\/ca\/wp-json\/wp\/v2\/product\/15165","targetHints":{"allow":["GET"]}}],"collection":[{"href":"https:\/\/enlineabarcelona.com\/ca\/wp-json\/wp\/v2\/product"}],"about":[{"href":"https:\/\/enlineabarcelona.com\/ca\/wp-json\/wp\/v2\/types\/product"}],"replies":[{"embeddable":true,"href":"https:\/\/enlineabarcelona.com\/ca\/wp-json\/wp\/v2\/comments?post=15165"}],"wp:featuredmedia":[{"embeddable":true,"href":"https:\/\/enlineabarcelona.com\/ca\/wp-json\/wp\/v2\/media\/6863"}],"wp:attachment":[{"href":"https:\/\/enlineabarcelona.com\/ca\/wp-json\/wp\/v2\/media?parent=15165"}],"wp:term":[{"taxonomy":"product_cat","embeddable":true,"href":"https:\/\/enlineabarcelona.com\/ca\/wp-json\/wp\/v2\/product_cat?post=15165"},{"taxonomy":"product_tag","embeddable":true,"href":"https:\/\/enlineabarcelona.com\/ca\/wp-json\/wp\/v2\/product_tag?post=15165"},{"taxonomy":"disenadores","embeddable":true,"href":"https:\/\/enlineabarcelona.com\/ca\/wp-json\/wp\/v2\/disenadores?post=15165"},{"taxonomy":"marca","embeddable":true,"href":"https:\/\/enlineabarcelona.com\/ca\/wp-json\/wp\/v2\/marca?post=15165"}],"curies":[{"name":"wp","href":"https:\/\/api.w.org\/{rel}","templated":true}]}}