{"id":15166,"date":"2025-10-27T11:15:41","date_gmt":"2025-10-27T11:15:41","guid":{"rendered":"https:\/\/enlineabarcelona.com\/producto\/amanu\/"},"modified":"2025-10-27T15:46:23","modified_gmt":"2025-10-27T15:46:23","slug":"amanu","status":"publish","type":"product","link":"https:\/\/enlineabarcelona.com\/ca\/producto\/amanu\/","title":{"rendered":"AMANU"},"content":{"rendered":"<p>En una celebraci\u00f3 de l&#8217;art de la s\u00edntesi, Yabu Pushelbert va treballar generosament durant temps per a aconseguir portar a Amanu fins a la seva forma m\u00e9s essencial, que \u00e9s tot puresa i calma. Explorant la bellesa org\u00e0nica i la durabilitat de la teca, el studio va crear una taula i dues cadires de proporcions generoses.<\/p>\n","protected":false},"excerpt":{"rendered":"<p>En una celebraci\u00f3 de l&#8217;art de la s\u00edntesi, Yabu Pushelbert va treballar generosament durant temps per a aconseguir portar a Amanu fins a la seva forma m\u00e9s essencial, que \u00e9s tot puresa i calma. Explorant la bellesa org\u00e0nica i la durabilitat de la teca, el studio va crear una taula i dues cadires de proporcions &#8230; <a title=\"AMANU\" class=\"read-more\" href=\"https:\/\/enlineabarcelona.com\/ca\/producto\/amanu\/\" aria-label=\"M\u00e9s informaci\u00f3 sobre AMANU\">Llegiu m\u00e9s<\/a><\/p>\n","protected":false},"featured_media":6879,"comment_status":"closed","ping_status":"open","template":"","meta":{"_acf_changed":false},"product_cat":[1406,1405],"product_tag":[],"disenadores":[1972],"marca":[2042],"class_list":{"0":"post-15166","1":"product","2":"type-product","3":"status-publish","4":"has-post-thumbnail","6":"product_cat-cadires","7":"product_cat-exterior","8":"disenadores-yabu-pushleberg","9":"marca-tribu","10":"sales-flash-overlay","11":"woocommerce-text-align-center","12":"woocommerce-image-align-center","13":"do-quantity-buttons","14":"wc-has-gallery","16":"first","17":"instock","18":"purchasable","19":"product-type-simple"},"acf":[],"_links":{"self":[{"href":"https:\/\/enlineabarcelona.com\/ca\/wp-json\/wp\/v2\/product\/15166","targetHints":{"allow":["GET"]}}],"collection":[{"href":"https:\/\/enlineabarcelona.com\/ca\/wp-json\/wp\/v2\/product"}],"about":[{"href":"https:\/\/enlineabarcelona.com\/ca\/wp-json\/wp\/v2\/types\/product"}],"replies":[{"embeddable":true,"href":"https:\/\/enlineabarcelona.com\/ca\/wp-json\/wp\/v2\/comments?post=15166"}],"wp:featuredmedia":[{"embeddable":true,"href":"https:\/\/enlineabarcelona.com\/ca\/wp-json\/wp\/v2\/media\/6879"}],"wp:attachment":[{"href":"https:\/\/enlineabarcelona.com\/ca\/wp-json\/wp\/v2\/media?parent=15166"}],"wp:term":[{"taxonomy":"product_cat","embeddable":true,"href":"https:\/\/enlineabarcelona.com\/ca\/wp-json\/wp\/v2\/product_cat?post=15166"},{"taxonomy":"product_tag","embeddable":true,"href":"https:\/\/enlineabarcelona.com\/ca\/wp-json\/wp\/v2\/product_tag?post=15166"},{"taxonomy":"disenadores","embeddable":true,"href":"https:\/\/enlineabarcelona.com\/ca\/wp-json\/wp\/v2\/disenadores?post=15166"},{"taxonomy":"marca","embeddable":true,"href":"https:\/\/enlineabarcelona.com\/ca\/wp-json\/wp\/v2\/marca?post=15166"}],"curies":[{"name":"wp","href":"https:\/\/api.w.org\/{rel}","templated":true}]}}