{"id":15169,"date":"2025-10-27T11:15:41","date_gmt":"2025-10-27T11:15:41","guid":{"rendered":"https:\/\/enlineabarcelona.com\/producto\/husk-2\/"},"modified":"2026-02-16T12:24:00","modified_gmt":"2026-02-16T12:24:00","slug":"husk-2","status":"publish","type":"product","link":"https:\/\/enlineabarcelona.com\/ca\/producto\/husk-2\/","title":{"rendered":"HUSK"},"content":{"rendered":"<p>Comoditat i ecosotenibilitat s\u00f3n les paraules clau per a descriure les cadires Husk Outdoor. Una col\u00b7lecci\u00f3 que homenatja la suavitat i invita al descans gr\u00e0cies als coixins extra suaus amb disseny capitonn\u00e9. La carcassa dura est\u00e0 feta de Hirek\u00ae, un material pl\u00e0stic especial fet de pol\u00edmers reciclats i reciclables. La carcassa \u00e9s d&#8217;un sol color, mentre que el suport fix del seient est\u00e0 disponible en diferents colors. Els coixins venen en dues versions, amb major grand\u00e0ria en el seient o en el respatller.<\/p>\n","protected":false},"excerpt":{"rendered":"<p>Comoditat i ecosotenibilitat s\u00f3n les paraules clau per a descriure les cadires Husk Outdoor. Una col\u00b7lecci\u00f3 que homenatja la suavitat i invita al descans gr\u00e0cies als coixins extra suaus amb disseny capitonn\u00e9. La carcassa dura est\u00e0 feta de Hirek\u00ae, un material pl\u00e0stic especial fet de pol\u00edmers reciclats i reciclables. La carcassa \u00e9s d&#8217;un sol color, &#8230; <a title=\"HUSK\" class=\"read-more\" href=\"https:\/\/enlineabarcelona.com\/ca\/producto\/husk-2\/\" aria-label=\"M\u00e9s informaci\u00f3 sobre HUSK\">Llegiu m\u00e9s<\/a><\/p>\n","protected":false},"featured_media":4277,"comment_status":"closed","ping_status":"open","template":"","meta":{"_acf_changed":false},"product_cat":[1415,1414,1405],"product_tag":[],"disenadores":[1288],"marca":[1422],"class_list":{"0":"post-15169","1":"product","2":"type-product","3":"status-publish","4":"has-post-thumbnail","6":"product_cat-butaques","7":"product_cat-butaquesmobiliari","8":"product_cat-exterior","9":"disenadores-patricia-urquiolapatricia-urquiola","10":"marca-bb-italia","11":"sales-flash-overlay","12":"woocommerce-text-align-center","13":"woocommerce-image-align-center","14":"do-quantity-buttons","15":"wc-has-gallery","17":"first","18":"instock","19":"purchasable","20":"product-type-simple"},"acf":[],"_links":{"self":[{"href":"https:\/\/enlineabarcelona.com\/ca\/wp-json\/wp\/v2\/product\/15169","targetHints":{"allow":["GET"]}}],"collection":[{"href":"https:\/\/enlineabarcelona.com\/ca\/wp-json\/wp\/v2\/product"}],"about":[{"href":"https:\/\/enlineabarcelona.com\/ca\/wp-json\/wp\/v2\/types\/product"}],"replies":[{"embeddable":true,"href":"https:\/\/enlineabarcelona.com\/ca\/wp-json\/wp\/v2\/comments?post=15169"}],"wp:featuredmedia":[{"embeddable":true,"href":"https:\/\/enlineabarcelona.com\/ca\/wp-json\/wp\/v2\/media\/4277"}],"wp:attachment":[{"href":"https:\/\/enlineabarcelona.com\/ca\/wp-json\/wp\/v2\/media?parent=15169"}],"wp:term":[{"taxonomy":"product_cat","embeddable":true,"href":"https:\/\/enlineabarcelona.com\/ca\/wp-json\/wp\/v2\/product_cat?post=15169"},{"taxonomy":"product_tag","embeddable":true,"href":"https:\/\/enlineabarcelona.com\/ca\/wp-json\/wp\/v2\/product_tag?post=15169"},{"taxonomy":"disenadores","embeddable":true,"href":"https:\/\/enlineabarcelona.com\/ca\/wp-json\/wp\/v2\/disenadores?post=15169"},{"taxonomy":"marca","embeddable":true,"href":"https:\/\/enlineabarcelona.com\/ca\/wp-json\/wp\/v2\/marca?post=15169"}],"curies":[{"name":"wp","href":"https:\/\/api.w.org\/{rel}","templated":true}]}}