{"id":15170,"date":"2025-10-27T11:15:41","date_gmt":"2025-10-27T11:15:41","guid":{"rendered":"https:\/\/enlineabarcelona.com\/producto\/erica-19-2\/"},"modified":"2026-02-16T12:24:00","modified_gmt":"2026-02-16T12:24:00","slug":"erica-19-2","status":"publish","type":"product","link":"https:\/\/enlineabarcelona.com\/ca\/producto\/erica-19-2\/","title":{"rendered":"ERICA &#8217;19"},"content":{"rendered":"<p>La butaca per a exteriors Erica, disponible en dos tamanys, un m\u00e9s ample i profund per a una relaxaci\u00f3 m\u00e9s informal, presenta una combinaci\u00f3 tecnol\u00f2gica d&#8217;alumini extruit i fos a pressi\u00f3. La seva lleugeresa i disseny, que garanteixen comoditat ergon\u00f2mica i durabilitat per a \u00fas en exteriors, la converteixen en l&#8217;elecci\u00f3 ideal, tant per a entorns p\u00fablics com residencials. Els coixins del seient i del respatller s\u00f3n garantia de confort i descans. Els marcs estan disponibles en diferents acabats, combinats amb un entrella\u00e7at de fibres de polipropil\u00e8 i un nucli intern d&#8217;alta resist\u00e8ncia, especialment dissenyat per a exteriors. Erica \u00e9s una s\u00e8rie completa de seient que inclou sof\u00e0s i cadires.<\/p>\n","protected":false},"excerpt":{"rendered":"<p>La butaca per a exteriors Erica, disponible en dos tamanys, un m\u00e9s ample i profund per a una relaxaci\u00f3 m\u00e9s informal, presenta una combinaci\u00f3 tecnol\u00f2gica d&#8217;alumini extruit i fos a pressi\u00f3. La seva lleugeresa i disseny, que garanteixen comoditat ergon\u00f2mica i durabilitat per a \u00fas en exteriors, la converteixen en l&#8217;elecci\u00f3 ideal, tant per a &#8230; <a title=\"ERICA &#8217;19\" class=\"read-more\" href=\"https:\/\/enlineabarcelona.com\/ca\/producto\/erica-19-2\/\" aria-label=\"M\u00e9s informaci\u00f3 sobre ERICA &#8217;19\">Llegiu m\u00e9s<\/a><\/p>\n","protected":false},"featured_media":6925,"comment_status":"closed","ping_status":"open","template":"","meta":{"_acf_changed":false},"product_cat":[1416,1405],"product_tag":[],"disenadores":[1933],"marca":[1422],"class_list":{"0":"post-15170","1":"product","2":"type-product","3":"status-publish","4":"has-post-thumbnail","6":"product_cat-butaques","7":"product_cat-exterior","8":"disenadores-antonio-citterio","9":"marca-bb-italia","10":"sales-flash-overlay","11":"woocommerce-text-align-center","12":"woocommerce-image-align-center","13":"do-quantity-buttons","14":"wc-has-gallery","16":"first","17":"instock","18":"purchasable","19":"product-type-simple"},"acf":[],"_links":{"self":[{"href":"https:\/\/enlineabarcelona.com\/ca\/wp-json\/wp\/v2\/product\/15170","targetHints":{"allow":["GET"]}}],"collection":[{"href":"https:\/\/enlineabarcelona.com\/ca\/wp-json\/wp\/v2\/product"}],"about":[{"href":"https:\/\/enlineabarcelona.com\/ca\/wp-json\/wp\/v2\/types\/product"}],"replies":[{"embeddable":true,"href":"https:\/\/enlineabarcelona.com\/ca\/wp-json\/wp\/v2\/comments?post=15170"}],"wp:featuredmedia":[{"embeddable":true,"href":"https:\/\/enlineabarcelona.com\/ca\/wp-json\/wp\/v2\/media\/6925"}],"wp:attachment":[{"href":"https:\/\/enlineabarcelona.com\/ca\/wp-json\/wp\/v2\/media?parent=15170"}],"wp:term":[{"taxonomy":"product_cat","embeddable":true,"href":"https:\/\/enlineabarcelona.com\/ca\/wp-json\/wp\/v2\/product_cat?post=15170"},{"taxonomy":"product_tag","embeddable":true,"href":"https:\/\/enlineabarcelona.com\/ca\/wp-json\/wp\/v2\/product_tag?post=15170"},{"taxonomy":"disenadores","embeddable":true,"href":"https:\/\/enlineabarcelona.com\/ca\/wp-json\/wp\/v2\/disenadores?post=15170"},{"taxonomy":"marca","embeddable":true,"href":"https:\/\/enlineabarcelona.com\/ca\/wp-json\/wp\/v2\/marca?post=15170"}],"curies":[{"name":"wp","href":"https:\/\/api.w.org\/{rel}","templated":true}]}}