{"id":15171,"date":"2025-10-27T11:15:41","date_gmt":"2025-10-27T11:15:41","guid":{"rendered":"https:\/\/enlineabarcelona.com\/producto\/harp\/"},"modified":"2026-03-23T15:41:42","modified_gmt":"2026-03-23T15:41:42","slug":"harp","status":"publish","type":"product","link":"https:\/\/enlineabarcelona.com\/ca\/producto\/harp\/","title":{"rendered":"HARP"},"content":{"rendered":"<p>La colecci\u00f3n HARP es la exaltaci\u00f3n de la artesan\u00eda que lleva el dise\u00f1o al exterior: la estructura, de acero inoxidable pintado para exteriores, est\u00e1 hecha a mano y soldada, mientras que el cordaje, tambi\u00e9n hecho a mano, es de poli\u00e9ster de doble torsi\u00f3n o de hilo acr\u00edlico con acabado de algod\u00f3n.<\/p>\n\n<p><\/p>\n","protected":false},"excerpt":{"rendered":"<p>La colecci\u00f3n HARP es la exaltaci\u00f3n de la artesan\u00eda que lleva el dise\u00f1o al exterior: la estructura, de acero inoxidable pintado para exteriores, est\u00e1 hecha a mano y soldada, mientras que el cordaje, tambi\u00e9n hecho a mano, es de poli\u00e9ster de doble torsi\u00f3n o de hilo acr\u00edlico con acabado de algod\u00f3n.<\/p>\n","protected":false},"featured_media":6938,"comment_status":"closed","ping_status":"open","template":"","meta":{"_acf_changed":false},"product_cat":[1416,1405],"product_tag":[],"disenadores":[1356],"marca":[2046],"class_list":{"0":"post-15171","1":"product","2":"type-product","3":"status-publish","4":"has-post-thumbnail","6":"product_cat-butaques","7":"product_cat-exterior","8":"disenadores-rodolfo-dordonirodolfo-dordoni","9":"marca-roda","10":"sales-flash-overlay","11":"woocommerce-text-align-center","12":"woocommerce-image-align-center","13":"do-quantity-buttons","14":"wc-has-gallery","16":"first","17":"instock","18":"purchasable","19":"product-type-simple"},"acf":[],"_links":{"self":[{"href":"https:\/\/enlineabarcelona.com\/ca\/wp-json\/wp\/v2\/product\/15171","targetHints":{"allow":["GET"]}}],"collection":[{"href":"https:\/\/enlineabarcelona.com\/ca\/wp-json\/wp\/v2\/product"}],"about":[{"href":"https:\/\/enlineabarcelona.com\/ca\/wp-json\/wp\/v2\/types\/product"}],"replies":[{"embeddable":true,"href":"https:\/\/enlineabarcelona.com\/ca\/wp-json\/wp\/v2\/comments?post=15171"}],"wp:featuredmedia":[{"embeddable":true,"href":"https:\/\/enlineabarcelona.com\/ca\/wp-json\/wp\/v2\/media\/6938"}],"wp:attachment":[{"href":"https:\/\/enlineabarcelona.com\/ca\/wp-json\/wp\/v2\/media?parent=15171"}],"wp:term":[{"taxonomy":"product_cat","embeddable":true,"href":"https:\/\/enlineabarcelona.com\/ca\/wp-json\/wp\/v2\/product_cat?post=15171"},{"taxonomy":"product_tag","embeddable":true,"href":"https:\/\/enlineabarcelona.com\/ca\/wp-json\/wp\/v2\/product_tag?post=15171"},{"taxonomy":"disenadores","embeddable":true,"href":"https:\/\/enlineabarcelona.com\/ca\/wp-json\/wp\/v2\/disenadores?post=15171"},{"taxonomy":"marca","embeddable":true,"href":"https:\/\/enlineabarcelona.com\/ca\/wp-json\/wp\/v2\/marca?post=15171"}],"curies":[{"name":"wp","href":"https:\/\/api.w.org\/{rel}","templated":true}]}}