{"id":15176,"date":"2025-10-27T11:15:41","date_gmt":"2025-10-27T11:15:41","guid":{"rendered":"https:\/\/enlineabarcelona.com\/producto\/pure-sofa-teak\/"},"modified":"2026-01-12T13:00:42","modified_gmt":"2026-01-12T13:00:42","slug":"pure-sofa-teak","status":"publish","type":"product","link":"https:\/\/enlineabarcelona.com\/ca\/producto\/pure-sofa-teak\/","title":{"rendered":"PURE SOFA TEAK"},"content":{"rendered":"<p>Amb el sof\u00e0&nbsp;Pure Sofa, el dissenyador Andrei Munteanu redueix el disseny a l&#8217;ess\u00e8ncia, desprove\u00eft de qualsevol exc\u00e9s: pura senzillesa i eleg\u00e0ncia.<\/p>\n","protected":false},"excerpt":{"rendered":"<p>Amb el sof\u00e0&nbsp;Pure Sofa, el dissenyador Andrei Munteanu redueix el disseny a l&#8217;ess\u00e8ncia, desprove\u00eft de qualsevol exc\u00e9s: pura senzillesa i eleg\u00e0ncia.<\/p>\n","protected":false},"featured_media":7003,"comment_status":"closed","ping_status":"open","template":"","meta":{"_acf_changed":false},"product_cat":[1416,1405],"product_tag":[],"disenadores":[1935],"marca":[2042],"class_list":{"0":"post-15176","1":"product","2":"type-product","3":"status-publish","4":"has-post-thumbnail","6":"product_cat-butaques","7":"product_cat-exterior","8":"disenadores-andrei-munteanu","9":"marca-tribu","10":"sales-flash-overlay","11":"woocommerce-text-align-center","12":"woocommerce-image-align-center","13":"do-quantity-buttons","14":"wc-has-gallery","16":"first","17":"instock","18":"purchasable","19":"product-type-simple"},"acf":[],"_links":{"self":[{"href":"https:\/\/enlineabarcelona.com\/ca\/wp-json\/wp\/v2\/product\/15176","targetHints":{"allow":["GET"]}}],"collection":[{"href":"https:\/\/enlineabarcelona.com\/ca\/wp-json\/wp\/v2\/product"}],"about":[{"href":"https:\/\/enlineabarcelona.com\/ca\/wp-json\/wp\/v2\/types\/product"}],"replies":[{"embeddable":true,"href":"https:\/\/enlineabarcelona.com\/ca\/wp-json\/wp\/v2\/comments?post=15176"}],"wp:featuredmedia":[{"embeddable":true,"href":"https:\/\/enlineabarcelona.com\/ca\/wp-json\/wp\/v2\/media\/7003"}],"wp:attachment":[{"href":"https:\/\/enlineabarcelona.com\/ca\/wp-json\/wp\/v2\/media?parent=15176"}],"wp:term":[{"taxonomy":"product_cat","embeddable":true,"href":"https:\/\/enlineabarcelona.com\/ca\/wp-json\/wp\/v2\/product_cat?post=15176"},{"taxonomy":"product_tag","embeddable":true,"href":"https:\/\/enlineabarcelona.com\/ca\/wp-json\/wp\/v2\/product_tag?post=15176"},{"taxonomy":"disenadores","embeddable":true,"href":"https:\/\/enlineabarcelona.com\/ca\/wp-json\/wp\/v2\/disenadores?post=15176"},{"taxonomy":"marca","embeddable":true,"href":"https:\/\/enlineabarcelona.com\/ca\/wp-json\/wp\/v2\/marca?post=15176"}],"curies":[{"name":"wp","href":"https:\/\/api.w.org\/{rel}","templated":true}]}}