{"id":15178,"date":"2025-10-27T11:15:41","date_gmt":"2025-10-27T11:15:41","guid":{"rendered":"https:\/\/enlineabarcelona.com\/producto\/ayana\/"},"modified":"2025-10-27T15:46:32","modified_gmt":"2025-10-27T15:46:32","slug":"ayana","status":"publish","type":"product","link":"https:\/\/enlineabarcelona.com\/ca\/producto\/ayana\/","title":{"rendered":"AYANA"},"content":{"rendered":"<p>Innovador en el seu c\u00e0lid minimalisme, el sof\u00e0 d&#8217;exterior Ayana, disponible en dues i tres places, t\u00e9 la fusta com a protagonista absoluta. Mentre que les profunditats i les altures s\u00f3n una clara refer\u00e8ncia a la tradici\u00f3 del sud-est asi\u00e0tic, el suport recorda una barra de paret sueca<\/p>\n","protected":false},"excerpt":{"rendered":"<p>Innovador en el seu c\u00e0lid minimalisme, el sof\u00e0 d&#8217;exterior Ayana, disponible en dues i tres places, t\u00e9 la fusta com a protagonista absoluta. Mentre que les profunditats i les altures s\u00f3n una clara refer\u00e8ncia a la tradici\u00f3 del sud-est asi\u00e0tic, el suport recorda una barra de paret sueca<\/p>\n","protected":false},"featured_media":7023,"comment_status":"closed","ping_status":"open","template":"","meta":{"_acf_changed":false},"product_cat":[1405,1420],"product_tag":[],"disenadores":[1421],"marca":[1422],"class_list":{"0":"post-15178","1":"product","2":"type-product","3":"status-publish","4":"has-post-thumbnail","6":"product_cat-exterior","7":"product_cat-sofas","8":"disenadores-nacto-fukasawanacto-fukasawa","9":"marca-bb-italia","10":"sales-flash-overlay","11":"woocommerce-text-align-center","12":"woocommerce-image-align-center","13":"do-quantity-buttons","14":"wc-has-gallery","16":"first","17":"instock","18":"purchasable","19":"product-type-simple"},"acf":[],"_links":{"self":[{"href":"https:\/\/enlineabarcelona.com\/ca\/wp-json\/wp\/v2\/product\/15178","targetHints":{"allow":["GET"]}}],"collection":[{"href":"https:\/\/enlineabarcelona.com\/ca\/wp-json\/wp\/v2\/product"}],"about":[{"href":"https:\/\/enlineabarcelona.com\/ca\/wp-json\/wp\/v2\/types\/product"}],"replies":[{"embeddable":true,"href":"https:\/\/enlineabarcelona.com\/ca\/wp-json\/wp\/v2\/comments?post=15178"}],"wp:featuredmedia":[{"embeddable":true,"href":"https:\/\/enlineabarcelona.com\/ca\/wp-json\/wp\/v2\/media\/7023"}],"wp:attachment":[{"href":"https:\/\/enlineabarcelona.com\/ca\/wp-json\/wp\/v2\/media?parent=15178"}],"wp:term":[{"taxonomy":"product_cat","embeddable":true,"href":"https:\/\/enlineabarcelona.com\/ca\/wp-json\/wp\/v2\/product_cat?post=15178"},{"taxonomy":"product_tag","embeddable":true,"href":"https:\/\/enlineabarcelona.com\/ca\/wp-json\/wp\/v2\/product_tag?post=15178"},{"taxonomy":"disenadores","embeddable":true,"href":"https:\/\/enlineabarcelona.com\/ca\/wp-json\/wp\/v2\/disenadores?post=15178"},{"taxonomy":"marca","embeddable":true,"href":"https:\/\/enlineabarcelona.com\/ca\/wp-json\/wp\/v2\/marca?post=15178"}],"curies":[{"name":"wp","href":"https:\/\/api.w.org\/{rel}","templated":true}]}}