{"id":15181,"date":"2025-10-27T11:15:41","date_gmt":"2025-10-27T11:15:41","guid":{"rendered":"https:\/\/enlineabarcelona.com\/producto\/erica\/"},"modified":"2026-02-16T12:23:59","modified_gmt":"2026-02-16T12:23:59","slug":"erica","status":"publish","type":"product","link":"https:\/\/enlineabarcelona.com\/ca\/producto\/erica\/","title":{"rendered":"ERICA"},"content":{"rendered":"<p>Disponible com a sof\u00e0 d&#8217;exterior de dues o tres places, Erica ofereix una combinaci\u00f3 tecnol\u00f2gica d&#8217;elements d&#8217;alumini extruit i fos a pressi\u00f3. El seu disseny lleuger i refinat la fa ideal, tant per a entorns p\u00fablics com residencials, brindant comoditat ergon\u00f2mica, juntament amb resist\u00e8ncia per a \u00fas en exteriors. Els coixins del seient i del respatller s\u00f3n garantia de confort i descans.<\/p>\n","protected":false},"excerpt":{"rendered":"<p>Disponible com a sof\u00e0 d&#8217;exterior de dues o tres places, Erica ofereix una combinaci\u00f3 tecnol\u00f2gica d&#8217;elements d&#8217;alumini extruit i fos a pressi\u00f3. El seu disseny lleuger i refinat la fa ideal, tant per a entorns p\u00fablics com residencials, brindant comoditat ergon\u00f2mica, juntament amb resist\u00e8ncia per a \u00fas en exteriors. Els coixins del seient i del &#8230; <a title=\"ERICA\" class=\"read-more\" href=\"https:\/\/enlineabarcelona.com\/ca\/producto\/erica\/\" aria-label=\"M\u00e9s informaci\u00f3 sobre ERICA\">Llegiu m\u00e9s<\/a><\/p>\n","protected":false},"featured_media":7059,"comment_status":"closed","ping_status":"open","template":"","meta":{"_acf_changed":false},"product_cat":[1405,1420],"product_tag":[],"disenadores":[1933],"marca":[1422],"class_list":{"0":"post-15181","1":"product","2":"type-product","3":"status-publish","4":"has-post-thumbnail","6":"product_cat-exterior","7":"product_cat-sofas","8":"disenadores-antonio-citterio","9":"marca-bb-italia","10":"sales-flash-overlay","11":"woocommerce-text-align-center","12":"woocommerce-image-align-center","13":"do-quantity-buttons","14":"wc-has-gallery","16":"first","17":"instock","18":"purchasable","19":"product-type-simple"},"acf":[],"_links":{"self":[{"href":"https:\/\/enlineabarcelona.com\/ca\/wp-json\/wp\/v2\/product\/15181","targetHints":{"allow":["GET"]}}],"collection":[{"href":"https:\/\/enlineabarcelona.com\/ca\/wp-json\/wp\/v2\/product"}],"about":[{"href":"https:\/\/enlineabarcelona.com\/ca\/wp-json\/wp\/v2\/types\/product"}],"replies":[{"embeddable":true,"href":"https:\/\/enlineabarcelona.com\/ca\/wp-json\/wp\/v2\/comments?post=15181"}],"wp:featuredmedia":[{"embeddable":true,"href":"https:\/\/enlineabarcelona.com\/ca\/wp-json\/wp\/v2\/media\/7059"}],"wp:attachment":[{"href":"https:\/\/enlineabarcelona.com\/ca\/wp-json\/wp\/v2\/media?parent=15181"}],"wp:term":[{"taxonomy":"product_cat","embeddable":true,"href":"https:\/\/enlineabarcelona.com\/ca\/wp-json\/wp\/v2\/product_cat?post=15181"},{"taxonomy":"product_tag","embeddable":true,"href":"https:\/\/enlineabarcelona.com\/ca\/wp-json\/wp\/v2\/product_tag?post=15181"},{"taxonomy":"disenadores","embeddable":true,"href":"https:\/\/enlineabarcelona.com\/ca\/wp-json\/wp\/v2\/disenadores?post=15181"},{"taxonomy":"marca","embeddable":true,"href":"https:\/\/enlineabarcelona.com\/ca\/wp-json\/wp\/v2\/marca?post=15181"}],"curies":[{"name":"wp","href":"https:\/\/api.w.org\/{rel}","templated":true}]}}