{"id":15182,"date":"2025-10-27T11:15:41","date_gmt":"2025-10-27T11:15:41","guid":{"rendered":"https:\/\/enlineabarcelona.com\/producto\/ray-2\/"},"modified":"2026-02-16T12:23:59","modified_gmt":"2026-02-16T12:23:59","slug":"ray-2","status":"publish","type":"product","link":"https:\/\/enlineabarcelona.com\/ca\/producto\/ray-2\/","title":{"rendered":"RAY"},"content":{"rendered":"<p>Ray *Outdoor Natural \u00e9s una fam\u00edlia de sof\u00e0s i cadires d&#8217;exterior inspirada en la col\u00b7lecci\u00f3 d&#8217;interior Ray i que presenta un patr\u00f3 de cordes entrella\u00e7ades que recorda al c\u00e0nem de Manila. Una soluci\u00f3 en perfecta harmonia amb la naturalesa, creada amb textilene perqu\u00e8 sigui perfecta per a \u00fas en exteriors. Est\u00e0 disponible, tant amb peus en extrusi\u00f3 d&#8217;alumini, com en una versi\u00f3 amb estructura base de fusta de teca. La col\u00b7lecci\u00f3 inclou sof\u00e0s en dues profunditats, elements modulars i una butaca.<\/p>\n","protected":false},"excerpt":{"rendered":"<p>Ray *Outdoor Natural \u00e9s una fam\u00edlia de sof\u00e0s i cadires d&#8217;exterior inspirada en la col\u00b7lecci\u00f3 d&#8217;interior Ray i que presenta un patr\u00f3 de cordes entrella\u00e7ades que recorda al c\u00e0nem de Manila. Una soluci\u00f3 en perfecta harmonia amb la naturalesa, creada amb textilene perqu\u00e8 sigui perfecta per a \u00fas en exteriors. Est\u00e0 disponible, tant amb peus &#8230; <a title=\"RAY\" class=\"read-more\" href=\"https:\/\/enlineabarcelona.com\/ca\/producto\/ray-2\/\" aria-label=\"M\u00e9s informaci\u00f3 sobre RAY\">Llegiu m\u00e9s<\/a><\/p>\n","protected":false},"featured_media":7072,"comment_status":"closed","ping_status":"open","template":"","meta":{"_acf_changed":false},"product_cat":[1405,1420],"product_tag":[],"disenadores":[1933],"marca":[1422],"class_list":{"0":"post-15182","1":"product","2":"type-product","3":"status-publish","4":"has-post-thumbnail","6":"product_cat-exterior","7":"product_cat-sofas","8":"disenadores-antonio-citterio","9":"marca-bb-italia","10":"sales-flash-overlay","11":"woocommerce-text-align-center","12":"woocommerce-image-align-center","13":"do-quantity-buttons","14":"wc-has-gallery","16":"first","17":"instock","18":"purchasable","19":"product-type-simple"},"acf":[],"_links":{"self":[{"href":"https:\/\/enlineabarcelona.com\/ca\/wp-json\/wp\/v2\/product\/15182","targetHints":{"allow":["GET"]}}],"collection":[{"href":"https:\/\/enlineabarcelona.com\/ca\/wp-json\/wp\/v2\/product"}],"about":[{"href":"https:\/\/enlineabarcelona.com\/ca\/wp-json\/wp\/v2\/types\/product"}],"replies":[{"embeddable":true,"href":"https:\/\/enlineabarcelona.com\/ca\/wp-json\/wp\/v2\/comments?post=15182"}],"wp:featuredmedia":[{"embeddable":true,"href":"https:\/\/enlineabarcelona.com\/ca\/wp-json\/wp\/v2\/media\/7072"}],"wp:attachment":[{"href":"https:\/\/enlineabarcelona.com\/ca\/wp-json\/wp\/v2\/media?parent=15182"}],"wp:term":[{"taxonomy":"product_cat","embeddable":true,"href":"https:\/\/enlineabarcelona.com\/ca\/wp-json\/wp\/v2\/product_cat?post=15182"},{"taxonomy":"product_tag","embeddable":true,"href":"https:\/\/enlineabarcelona.com\/ca\/wp-json\/wp\/v2\/product_tag?post=15182"},{"taxonomy":"disenadores","embeddable":true,"href":"https:\/\/enlineabarcelona.com\/ca\/wp-json\/wp\/v2\/disenadores?post=15182"},{"taxonomy":"marca","embeddable":true,"href":"https:\/\/enlineabarcelona.com\/ca\/wp-json\/wp\/v2\/marca?post=15182"}],"curies":[{"name":"wp","href":"https:\/\/api.w.org\/{rel}","templated":true}]}}