{"id":15183,"date":"2025-10-27T11:15:41","date_gmt":"2025-10-27T11:15:41","guid":{"rendered":"https:\/\/enlineabarcelona.com\/producto\/ribes\/"},"modified":"2026-02-16T12:24:00","modified_gmt":"2026-02-16T12:24:00","slug":"ribes","status":"publish","type":"product","link":"https:\/\/enlineabarcelona.com\/ca\/producto\/ribes\/","title":{"rendered":"RIBES"},"content":{"rendered":"<p>Ribes \u00e9s un sistema de seients modulars que aposta per la versatilitat, la personalitzaci\u00f3, el color i la recerca dels materials. Sof\u00e0s, elements centrals i finals, chaise longues i pufs. Tots ells en una gran varietat de formes i tamanys que es presten per a ser disposats en un espai exterior segons el gust personal, gr\u00e0cies a l&#8217;excepcional versatilitat dels components modulars i la disponibilitat d&#8217;una \u00e0mplia gamma de cobertes i acabats. El punt de partida \u00e9s una base de futon amb l\u00e0mines flexibles de fibra de vidre que descansen sobre un marc d&#8217;alumini, al qual es poden acoblar dos tipus de reposabra\u00e7os o suport segons es desitgi: un amb entrella\u00e7at de fibra de polipropil\u00e8 i un altre, amb coix\u00ed de rodes. En la part superior es troben els coixins dels seients pensats<\/p>\n","protected":false},"excerpt":{"rendered":"<p>Ribes \u00e9s un sistema de seients modulars que aposta per la versatilitat, la personalitzaci\u00f3, el color i la recerca dels materials. Sof\u00e0s, elements centrals i finals, chaise longues i pufs. Tots ells en una gran varietat de formes i tamanys que es presten per a ser disposats en un espai exterior segons el gust personal, &#8230; <a title=\"RIBES\" class=\"read-more\" href=\"https:\/\/enlineabarcelona.com\/ca\/producto\/ribes\/\" aria-label=\"M\u00e9s informaci\u00f3 sobre RIBES\">Llegiu m\u00e9s<\/a><\/p>\n","protected":false},"featured_media":7088,"comment_status":"closed","ping_status":"open","template":"","meta":{"_acf_changed":false},"product_cat":[1405,1420],"product_tag":[],"disenadores":[1933],"marca":[1422],"class_list":{"0":"post-15183","1":"product","2":"type-product","3":"status-publish","4":"has-post-thumbnail","6":"product_cat-exterior","7":"product_cat-sofas","8":"disenadores-antonio-citterio","9":"marca-bb-italia","10":"sales-flash-overlay","11":"woocommerce-text-align-center","12":"woocommerce-image-align-center","13":"do-quantity-buttons","14":"wc-has-gallery","16":"first","17":"instock","18":"purchasable","19":"product-type-simple"},"acf":[],"_links":{"self":[{"href":"https:\/\/enlineabarcelona.com\/ca\/wp-json\/wp\/v2\/product\/15183","targetHints":{"allow":["GET"]}}],"collection":[{"href":"https:\/\/enlineabarcelona.com\/ca\/wp-json\/wp\/v2\/product"}],"about":[{"href":"https:\/\/enlineabarcelona.com\/ca\/wp-json\/wp\/v2\/types\/product"}],"replies":[{"embeddable":true,"href":"https:\/\/enlineabarcelona.com\/ca\/wp-json\/wp\/v2\/comments?post=15183"}],"wp:featuredmedia":[{"embeddable":true,"href":"https:\/\/enlineabarcelona.com\/ca\/wp-json\/wp\/v2\/media\/7088"}],"wp:attachment":[{"href":"https:\/\/enlineabarcelona.com\/ca\/wp-json\/wp\/v2\/media?parent=15183"}],"wp:term":[{"taxonomy":"product_cat","embeddable":true,"href":"https:\/\/enlineabarcelona.com\/ca\/wp-json\/wp\/v2\/product_cat?post=15183"},{"taxonomy":"product_tag","embeddable":true,"href":"https:\/\/enlineabarcelona.com\/ca\/wp-json\/wp\/v2\/product_tag?post=15183"},{"taxonomy":"disenadores","embeddable":true,"href":"https:\/\/enlineabarcelona.com\/ca\/wp-json\/wp\/v2\/disenadores?post=15183"},{"taxonomy":"marca","embeddable":true,"href":"https:\/\/enlineabarcelona.com\/ca\/wp-json\/wp\/v2\/marca?post=15183"}],"curies":[{"name":"wp","href":"https:\/\/api.w.org\/{rel}","templated":true}]}}