{"id":15184,"date":"2025-10-27T11:15:41","date_gmt":"2025-10-27T11:15:41","guid":{"rendered":"https:\/\/enlineabarcelona.com\/producto\/mirto-2\/"},"modified":"2026-02-16T12:24:00","modified_gmt":"2026-02-16T12:24:00","slug":"mirto-2","status":"publish","type":"product","link":"https:\/\/enlineabarcelona.com\/ca\/producto\/mirto-2\/","title":{"rendered":"MIRTO"},"content":{"rendered":"<p>Atemporals, resistents i duradores, tant formal com f\u00edsicament, les gandules Murta Outdoor destaquen pel seu disseny essencial i elegant. Presenten una lleugera estructura d&#8217;alumini i seient i respatller en malla Batyline\u00ae Canatex, la fibra de c\u00e0nem de la qual els confereix un aspecte m\u00e9s natural en comparaci\u00f3 amb els pl\u00e0stics habitualment utilitzats en aquest sector.<\/p>\n","protected":false},"excerpt":{"rendered":"<p>Atemporals, resistents i duradores, tant formal com f\u00edsicament, les gandules Murta Outdoor destaquen pel seu disseny essencial i elegant. Presenten una lleugera estructura d&#8217;alumini i seient i respatller en malla Batyline\u00ae Canatex, la fibra de c\u00e0nem de la qual els confereix un aspecte m\u00e9s natural en comparaci\u00f3 amb els pl\u00e0stics habitualment utilitzats en aquest sector.<\/p>\n","protected":false},"featured_media":7122,"comment_status":"closed","ping_status":"open","template":"","meta":{"_acf_changed":false},"product_cat":[1405,1423],"product_tag":[],"disenadores":[1933],"marca":[1422],"class_list":{"0":"post-15184","1":"product","2":"type-product","3":"status-publish","4":"has-post-thumbnail","6":"product_cat-exterior","7":"product_cat-gandules","8":"disenadores-antonio-citterio","9":"marca-bb-italia","10":"sales-flash-overlay","11":"woocommerce-text-align-center","12":"woocommerce-image-align-center","13":"do-quantity-buttons","14":"wc-has-gallery","16":"first","17":"instock","18":"purchasable","19":"product-type-simple"},"acf":[],"_links":{"self":[{"href":"https:\/\/enlineabarcelona.com\/ca\/wp-json\/wp\/v2\/product\/15184","targetHints":{"allow":["GET"]}}],"collection":[{"href":"https:\/\/enlineabarcelona.com\/ca\/wp-json\/wp\/v2\/product"}],"about":[{"href":"https:\/\/enlineabarcelona.com\/ca\/wp-json\/wp\/v2\/types\/product"}],"replies":[{"embeddable":true,"href":"https:\/\/enlineabarcelona.com\/ca\/wp-json\/wp\/v2\/comments?post=15184"}],"wp:featuredmedia":[{"embeddable":true,"href":"https:\/\/enlineabarcelona.com\/ca\/wp-json\/wp\/v2\/media\/7122"}],"wp:attachment":[{"href":"https:\/\/enlineabarcelona.com\/ca\/wp-json\/wp\/v2\/media?parent=15184"}],"wp:term":[{"taxonomy":"product_cat","embeddable":true,"href":"https:\/\/enlineabarcelona.com\/ca\/wp-json\/wp\/v2\/product_cat?post=15184"},{"taxonomy":"product_tag","embeddable":true,"href":"https:\/\/enlineabarcelona.com\/ca\/wp-json\/wp\/v2\/product_tag?post=15184"},{"taxonomy":"disenadores","embeddable":true,"href":"https:\/\/enlineabarcelona.com\/ca\/wp-json\/wp\/v2\/disenadores?post=15184"},{"taxonomy":"marca","embeddable":true,"href":"https:\/\/enlineabarcelona.com\/ca\/wp-json\/wp\/v2\/marca?post=15184"}],"curies":[{"name":"wp","href":"https:\/\/api.w.org\/{rel}","templated":true}]}}