{"id":15185,"date":"2025-10-27T11:15:56","date_gmt":"2025-10-27T11:15:56","guid":{"rendered":"https:\/\/enlineabarcelona.com\/producto\/ray-3\/"},"modified":"2026-02-16T12:23:58","modified_gmt":"2026-02-16T12:23:58","slug":"ray-3","status":"publish","type":"product","link":"https:\/\/enlineabarcelona.com\/ca\/producto\/ray-3\/","title":{"rendered":"RAY"},"content":{"rendered":"<p>La gandula Ray Outdoor Fabric complementa la col\u00b7lecci\u00f3 de cadires d&#8217;exterior del mateix nom, caracteritzades per un patr\u00f3 de cintes entrella\u00e7ades, creades amb fibra de polipropil\u00e8. La variada gamma de colors \u00e9s especialment adequada per a ambients exteriors. La gandula ve amb peus en extrusi\u00f3 d&#8217;alumini i amb rodes que faciliten el seu moviment. El suport es pot ajustar en diferents posicions per a major comoditat.<\/p>\n","protected":false},"excerpt":{"rendered":"<p>La gandula Ray Outdoor Fabric complementa la col\u00b7lecci\u00f3 de cadires d&#8217;exterior del mateix nom, caracteritzades per un patr\u00f3 de cintes entrella\u00e7ades, creades amb fibra de polipropil\u00e8. La variada gamma de colors \u00e9s especialment adequada per a ambients exteriors. La gandula ve amb peus en extrusi\u00f3 d&#8217;alumini i amb rodes que faciliten el seu moviment. El &#8230; <a title=\"RAY\" class=\"read-more\" href=\"https:\/\/enlineabarcelona.com\/ca\/producto\/ray-3\/\" aria-label=\"M\u00e9s informaci\u00f3 sobre RAY\">Llegiu m\u00e9s<\/a><\/p>\n","protected":false},"featured_media":7135,"comment_status":"closed","ping_status":"open","template":"","meta":{"_acf_changed":false},"product_cat":[1405,1423],"product_tag":[],"disenadores":[1933],"marca":[1422],"class_list":{"0":"post-15185","1":"product","2":"type-product","3":"status-publish","4":"has-post-thumbnail","6":"product_cat-exterior","7":"product_cat-gandules","8":"disenadores-antonio-citterio","9":"marca-bb-italia","10":"sales-flash-overlay","11":"woocommerce-text-align-center","12":"woocommerce-image-align-center","13":"do-quantity-buttons","15":"first","16":"instock","17":"purchasable","18":"product-type-simple"},"acf":[],"_links":{"self":[{"href":"https:\/\/enlineabarcelona.com\/ca\/wp-json\/wp\/v2\/product\/15185","targetHints":{"allow":["GET"]}}],"collection":[{"href":"https:\/\/enlineabarcelona.com\/ca\/wp-json\/wp\/v2\/product"}],"about":[{"href":"https:\/\/enlineabarcelona.com\/ca\/wp-json\/wp\/v2\/types\/product"}],"replies":[{"embeddable":true,"href":"https:\/\/enlineabarcelona.com\/ca\/wp-json\/wp\/v2\/comments?post=15185"}],"wp:featuredmedia":[{"embeddable":true,"href":"https:\/\/enlineabarcelona.com\/ca\/wp-json\/wp\/v2\/media\/7135"}],"wp:attachment":[{"href":"https:\/\/enlineabarcelona.com\/ca\/wp-json\/wp\/v2\/media?parent=15185"}],"wp:term":[{"taxonomy":"product_cat","embeddable":true,"href":"https:\/\/enlineabarcelona.com\/ca\/wp-json\/wp\/v2\/product_cat?post=15185"},{"taxonomy":"product_tag","embeddable":true,"href":"https:\/\/enlineabarcelona.com\/ca\/wp-json\/wp\/v2\/product_tag?post=15185"},{"taxonomy":"disenadores","embeddable":true,"href":"https:\/\/enlineabarcelona.com\/ca\/wp-json\/wp\/v2\/disenadores?post=15185"},{"taxonomy":"marca","embeddable":true,"href":"https:\/\/enlineabarcelona.com\/ca\/wp-json\/wp\/v2\/marca?post=15185"}],"curies":[{"name":"wp","href":"https:\/\/api.w.org\/{rel}","templated":true}]}}